{"id":103,"date":"2015-05-28T18:29:22","date_gmt":"2015-05-28T18:29:22","guid":{"rendered":"http:\/\/hakuna.com.ar\/projects\/coneau\/wordpress\/?page_id=103"},"modified":"2015-08-13T16:24:28","modified_gmt":"2015-08-13T16:24:28","slug":"carreras-nuevas","status":"publish","type":"page","link":"https:\/\/jotape.com.ar\/?page_id=103","title":{"rendered":"Carreras Nuevas"},"content":{"rendered":"<p>A partir de Abril de 2012, de acuerdo con lo establecido en la\u00a0Resoluci\u00f3n Ministerial N\u00ba 160\/11, deben ingresar en la CONEAU tanto\u00a0las carreras nuevas de modalidad presencial como los que presenten\u00a0modalidad a distancia.<\/p>\n<p>Las solicitudes de evaluaci\u00f3n al solo efecto del reconocimiento oficial\u00a0provisorio del t\u00edtulo de carreras nuevas se presentan ante la CONEAU\u00a0en la \u00faltima semana de los meses de abril y octubre de cada a\u00f1o.<\/p>\n<p>En forma previa, las instituciones deben formalizar la presentaci\u00f3n de sus\u00a0carreras nuevas. Para ello, completar\u00e1n el formulario electr\u00f3nico que estar\u00e1\u00a0disponible en la p\u00e1gina institucional. Esta formalizaci\u00f3n electr\u00f3nica se\u00a0efectivizar\u00e1 en las primeras quincenas de los meses de marzo o\u00a0septiembre de cada a\u00f1o, dependiendo de la fecha de presentaci\u00f3n, abril u\u00a0octubre, respectivamente.<\/p>\n","protected":false},"excerpt":{"rendered":"<p>A partir de Abril de 2012, de acuerdo con lo establecido en la\u00a0Resoluci\u00f3n Ministerial N\u00ba 160\/11, deben ingresar en la CONEAU tanto\u00a0las carreras nuevas de modalidad presencial como los que &hellip; <a href=\"https:\/\/jotape.com.ar\/?page_id=103\" class=\"more-link\">Seguir leyendo <span class=\"screen-reader-text\">Carreras Nuevas<\/span> <span class=\"meta-nav\">&rarr;<\/span><\/a><\/p>\n","protected":false},"author":2,"featured_media":1104,"parent":41,"menu_order":1,"comment_status":"open","ping_status":"closed","template":"template-carreras-posgrado.php","meta":{"footnotes":""},"class_list":["post-103","page","type-page","status-publish","has-post-thumbnail","hentry"],"_links":{"self":[{"href":"https:\/\/jotape.com.ar\/index.php?rest_route=\/wp\/v2\/pages\/103","targetHints":{"allow":["GET"]}}],"collection":[{"href":"https:\/\/jotape.com.ar\/index.php?rest_route=\/wp\/v2\/pages"}],"about":[{"href":"https:\/\/jotape.com.ar\/index.php?rest_route=\/wp\/v2\/types\/page"}],"author":[{"embeddable":true,"href":"https:\/\/jotape.com.ar\/index.php?rest_route=\/wp\/v2\/users\/2"}],"replies":[{"embeddable":true,"href":"https:\/\/jotape.com.ar\/index.php?rest_route=%2Fwp%2Fv2%2Fcomments&post=103"}],"version-history":[{"count":3,"href":"https:\/\/jotape.com.ar\/index.php?rest_route=\/wp\/v2\/pages\/103\/revisions"}],"predecessor-version":[{"id":806,"href":"https:\/\/jotape.com.ar\/index.php?rest_route=\/wp\/v2\/pages\/103\/revisions\/806"}],"up":[{"embeddable":true,"href":"https:\/\/jotape.com.ar\/index.php?rest_route=\/wp\/v2\/pages\/41"}],"wp:featuredmedia":[{"embeddable":true,"href":"https:\/\/jotape.com.ar\/index.php?rest_route=\/wp\/v2\/media\/1104"}],"wp:attachment":[{"href":"https:\/\/jotape.com.ar\/index.php?rest_route=%2Fwp%2Fv2%2Fmedia&parent=103"}],"curies":[{"name":"wp","href":"https:\/\/api.w.org\/{rel}","templated":true}]}}