{"id":12341,"date":"2025-03-14T15:25:53","date_gmt":"2025-03-14T18:25:53","guid":{"rendered":"https:\/\/www.coneau.gob.ar\/coneau\/?page_id=12341"},"modified":"2025-10-09T13:11:21","modified_gmt":"2025-10-09T16:11:21","slug":"transparencia-coneau","status":"publish","type":"page","link":"https:\/\/jotape.com.ar\/?page_id=12341","title":{"rendered":"Transparencia CONEAU"},"content":{"rendered":"\n<p>La Comisi\u00f3n Nacional de Evaluaci\u00f3n y Acreditaci\u00f3n Universitaria cumple con la&nbsp;<a rel=\"noreferrer noopener\" href=\"https:\/\/servicios.infoleg.gob.ar\/infolegInternet\/anexos\/265000-269999\/265949\/texact.htm\" target=\"_blank\">Ley N\u00b0 27.275 de Acceso a la Informaci\u00f3n P\u00fablica<\/a>, que tiene por objeto garantizar el efectivo ejercicio del derecho de acceso a la informaci\u00f3n p\u00fablica, promover la participaci\u00f3n ciudadana y la transparencia de la gesti\u00f3n p\u00fablica.<\/p>\n\n\n\n<p>En su art\u00edculo 32 la ley establece la obligaci\u00f3n de publicar activamente informaci\u00f3n de manera clara, estructurada y entendible, procurando remover toda barrera que obstaculice o dificulte su reutilizaci\u00f3n por parte de terceros y permiti\u00e9ndole a la ciudadan\u00eda conocer qu\u00e9 hace el Estado.<\/p>\n\n\n\n<p>Para conocer m\u00e1s sobre la tem\u00e1tica de transparencia gubernamental y el porqu\u00e9 de su importancia se desarroll\u00f3 un sitio con informaci\u00f3n.<\/p>\n\n\n\n<div class=\"wp-block-buttons is-layout-flex wp-block-buttons-is-layout-flex\">\n<div class=\"wp-block-button has-custom-font-size\" style=\"font-size:10px\"><a class=\"wp-block-button__link has-green-background-color has-background wp-element-button\" href=\"https:\/\/portal.transparencia.gob.ar\/\" target=\"_blank\" rel=\"noreferrer noopener\">ingres\u00e1 al portal nacional de transparencia<\/a><\/div>\n<\/div>\n\n\n\n<div style=\"height:15px\" aria-hidden=\"true\" class=\"wp-block-spacer\"><\/div>\n\n\n\n<h5 class=\"has-medium-gray-color has-text-color wp-block-heading\"><strong>En caso de alguna duda respecto a la informaci\u00f3n aqu\u00ed publicada pod\u00e9s contactarte con la persona Responsable de Transparencia<\/strong>:<\/h5>\n\n\n\n<ul class=\"wp-block-list\">\n<li>&#8211; Nombre y apellido: Mgter. Leandro Mousseaud<\/li>\n\n\n\n<li>&#8211; Correo electr\u00f3nico: lmousseaud@coneau.gob.ar<\/li>\n\n\n\n<li>&#8211; Tel\u00e9fono: (54 &#8211; 11) 4819 &#8211; 9050<\/li>\n<\/ul>\n\n\n\n<div style=\"height:15px\" aria-hidden=\"true\" class=\"wp-block-spacer\"><\/div>\n\n\n\n<p class=\"has-light-gray-background-color has-background\"><strong>La Agencia de Acceso a la Informaci\u00f3n P\u00fablica es el \u00f3rgano garante de las Pol\u00edticas de Transparencia de los organismos<\/strong>. Para corroborar el grado de cumplimiento de los compromisos de transparencia pod\u00e9s acceder a&nbsp;<a rel=\"noreferrer noopener\" href=\"https:\/\/www.argentina.gob.ar\/aaip\/transparenciayparticipacion\/indice-de-transparencia-activa\" target=\"_blank\">los resultados del \u00cdndice de Transparencia<\/a>.<\/p>\n\n\n\n<h3 class=\"has-medium-gray-color has-text-color wp-block-heading\">A continuaci\u00f3n vas a encontrar en cada pesta\u00f1a un \u00edtem tem\u00e1tico con informaci\u00f3n de car\u00e1cter p\u00fablico y actualizada.<\/h3>\n\n\n\n<div style=\"height:10px\" aria-hidden=\"true\" class=\"wp-block-spacer\"><\/div>\n\n\n\n<div class=\"wp-block-columns is-layout-flex wp-container-core-columns-is-layout-9d6595d7 wp-block-columns-is-layout-flex\">\n<div class=\"wp-block-column is-layout-flow wp-block-column-is-layout-flow\">\n<div class=\"wp-block-buttons is-layout-flex wp-block-buttons-is-layout-flex\">\n<div class=\"wp-block-button has-custom-font-size has-small-font-size\"><a class=\"wp-block-button__link has-medium-gray-color has-light-gray-background-color has-text-color has-background wp-element-button\" href=\"https:\/\/www.coneau.gob.ar\/coneau\/mision-y-servicios\/\" target=\"_blank\" rel=\"noreferrer noopener\">Misi\u00f3n y servicios a la ciudadan\u00eda<\/a><\/div>\n<\/div>\n<\/div>\n\n\n\n<div class=\"wp-block-column is-layout-flow wp-block-column-is-layout-flow\">\n<div class=\"wp-block-buttons is-layout-flex wp-block-buttons-is-layout-flex\">\n<div class=\"wp-block-button has-custom-font-size has-small-font-size\"><a class=\"wp-block-button__link has-medium-gray-color has-light-gray-background-color has-text-color has-background wp-element-button\" href=\"https:\/\/www.coneau.gob.ar\/coneau\/participacion-ciudadana\" target=\"_blank\" rel=\"noreferrer noopener\">participaci\u00f3n ciudadana<\/a><\/div>\n<\/div>\n<\/div>\n\n\n\n<div class=\"wp-block-column is-layout-flow wp-block-column-is-layout-flow\">\n<div class=\"wp-block-buttons is-layout-flex wp-block-buttons-is-layout-flex\">\n<div class=\"wp-block-button has-custom-font-size has-small-font-size\"><a class=\"wp-block-button__link has-medium-gray-color has-light-gray-background-color has-text-color has-background wp-element-button\" href=\"https:\/\/www.coneau.gob.ar\/coneau\/organigrama-autoridades-y-personal\/\" target=\"_blank\" rel=\"noreferrer noopener\">organigrama, autoridades y personal<\/a><\/div>\n<\/div>\n<\/div>\n<\/div>\n\n\n\n<div class=\"wp-block-columns is-layout-flex wp-container-core-columns-is-layout-9d6595d7 wp-block-columns-is-layout-flex\">\n<div class=\"wp-block-column is-layout-flow wp-block-column-is-layout-flow\">\n<div class=\"wp-block-buttons is-layout-flex wp-block-buttons-is-layout-flex\">\n<div class=\"wp-block-button has-custom-font-size has-small-font-size\"><a class=\"wp-block-button__link has-medium-gray-color has-light-gray-background-color has-text-color has-background wp-element-button\" href=\"https:\/\/www.coneau.gob.ar\/coneau\/declaraciones-juradas\" target=\"_blank\" rel=\"noreferrer noopener\">declaraciones juradas<\/a><\/div>\n<\/div>\n<\/div>\n\n\n\n<div class=\"wp-block-column is-layout-flow wp-block-column-is-layout-flow\">\n<div class=\"wp-block-buttons is-layout-flex wp-block-buttons-is-layout-flex\">\n<div class=\"wp-block-button has-custom-font-size has-small-font-size\"><a class=\"wp-block-button__link has-medium-gray-color has-light-gray-background-color has-text-color has-background wp-element-button\" href=\"https:\/\/www.coneau.gob.ar\/coneau\/escalas-salariales\" target=\"_blank\" rel=\"noreferrer noopener\">escalas salariales<\/a><\/div>\n<\/div>\n<\/div>\n\n\n\n<div class=\"wp-block-column is-layout-flow wp-block-column-is-layout-flow\">\n<div class=\"wp-block-buttons is-layout-flex wp-block-buttons-is-layout-flex\">\n<div class=\"wp-block-button has-custom-font-size has-small-font-size\"><a class=\"wp-block-button__link has-medium-gray-color has-light-gray-background-color has-text-color has-background wp-element-button\" href=\"https:\/\/www.coneau.gob.ar\/coneau\/presupuesto\" target=\"_blank\" rel=\"noreferrer noopener\">presupuesto<\/a><\/div>\n<\/div>\n<\/div>\n<\/div>\n\n\n\n<div class=\"wp-block-columns is-layout-flex wp-container-core-columns-is-layout-9d6595d7 wp-block-columns-is-layout-flex\">\n<div class=\"wp-block-column is-layout-flow wp-block-column-is-layout-flow\">\n<div class=\"wp-block-buttons is-layout-flex wp-block-buttons-is-layout-flex\">\n<div class=\"wp-block-button has-custom-font-size has-small-font-size\"><a class=\"wp-block-button__link has-medium-gray-color has-light-gray-background-color has-text-color has-background wp-element-button\" href=\"https:\/\/www.coneau.gob.ar\/coneau\/transferencias\" target=\"_blank\" rel=\"noreferrer noopener\">Transferencias<\/a><\/div>\n<\/div>\n<\/div>\n\n\n\n<div class=\"wp-block-column is-layout-flow wp-block-column-is-layout-flow\">\n<div class=\"wp-block-buttons is-layout-flex wp-block-buttons-is-layout-flex\">\n<div class=\"wp-block-button has-custom-font-size has-small-font-size\"><a class=\"wp-block-button__link has-medium-gray-color has-light-gray-background-color has-text-color has-background wp-element-button\" href=\"https:\/\/www.coneau.gob.ar\/coneau\/compras-y-contrataciones-2\" target=\"_blank\" rel=\"noreferrer noopener\">compras y contrataciones<\/a><\/div>\n<\/div>\n<\/div>\n\n\n\n<div class=\"wp-block-column is-layout-flow wp-block-column-is-layout-flow\">\n<div class=\"wp-block-buttons is-layout-flex wp-block-buttons-is-layout-flex\">\n<div class=\"wp-block-button has-custom-font-size has-small-font-size\"><a class=\"wp-block-button__link has-medium-gray-color has-light-gray-background-color has-text-color has-background wp-element-button\" href=\"https:\/\/www.coneau.gob.ar\/coneau\/gestion-de-la-informacion\" target=\"_blank\" rel=\"noreferrer noopener\">gesti\u00f3n de la informaci\u00f3n<\/a><\/div>\n<\/div>\n<\/div>\n<\/div>\n\n\n\n<div class=\"wp-block-columns is-layout-flex wp-container-core-columns-is-layout-9d6595d7 wp-block-columns-is-layout-flex\">\n<div class=\"wp-block-column is-layout-flow wp-block-column-is-layout-flow\">\n<div class=\"wp-block-buttons is-layout-flex wp-block-buttons-is-layout-flex\">\n<div class=\"wp-block-button has-custom-font-size has-small-font-size\"><a class=\"wp-block-button__link has-medium-gray-color has-light-gray-background-color has-text-color has-background wp-element-button\" href=\"https:\/\/www.coneau.gob.ar\/coneau\/actos-administrativos\" target=\"_blank\" rel=\"noreferrer noopener\">actos administrativos<\/a><\/div>\n<\/div>\n<\/div>\n\n\n\n<div class=\"wp-block-column is-layout-flow wp-block-column-is-layout-flow\">\n<div class=\"wp-block-buttons is-layout-flex wp-block-buttons-is-layout-flex\">\n<div class=\"wp-block-button has-custom-font-size has-small-font-size\"><a class=\"wp-block-button__link has-medium-gray-color has-light-gray-background-color has-text-color has-background wp-element-button\" href=\"https:\/\/www.coneau.gob.ar\/coneau\/auditorias-y-evaluaciones\" target=\"_blank\" rel=\"noreferrer noopener\">Auditor\u00edas y evaluaciones<\/a><\/div>\n<\/div>\n<\/div>\n\n\n\n<div class=\"wp-block-column is-layout-flow wp-block-column-is-layout-flow\">\n<div class=\"wp-block-buttons is-layout-flex wp-block-buttons-is-layout-flex\">\n<div class=\"wp-block-button has-custom-font-size has-small-font-size\"><a class=\"wp-block-button__link has-medium-gray-color has-light-gray-background-color has-text-color has-background wp-element-button\" href=\"https:\/\/www.coneau.gob.ar\/coneau\/permisos-y-concesiones\" target=\"_blank\" rel=\"noreferrer noopener\">permisos y concesiones<\/a><\/div>\n<\/div>\n<\/div>\n<\/div>\n\n\n\n<div class=\"wp-block-columns is-layout-flex wp-container-core-columns-is-layout-9d6595d7 wp-block-columns-is-layout-flex\">\n<div class=\"wp-block-column is-layout-flow wp-block-column-is-layout-flow\">\n<div class=\"wp-block-buttons is-layout-flex wp-block-buttons-is-layout-flex\">\n<div class=\"wp-block-button has-custom-font-size has-small-font-size\"><a class=\"wp-block-button__link has-medium-gray-color has-light-gray-background-color has-text-color has-background wp-element-button\" href=\"https:\/\/www.coneau.gob.ar\/coneau\/obsequios-y-viajes\" target=\"_blank\" rel=\"noreferrer noopener\">obsequios y viajes<\/a><\/div>\n<\/div>\n<\/div>\n\n\n\n<div class=\"wp-block-column is-layout-flow wp-block-column-is-layout-flow\">\n<div class=\"wp-block-buttons is-layout-flex wp-block-buttons-is-layout-flex\">\n<div class=\"wp-block-button has-custom-font-size has-small-font-size\"><a class=\"wp-block-button__link has-medium-gray-color has-light-gray-background-color has-text-color has-background wp-element-button\" href=\"https:\/\/www.coneau.gob.ar\/coneau\/acordadas-y-sentencias\" target=\"_blank\" rel=\"noreferrer noopener\">acordadas y sentencias<\/a><\/div>\n<\/div>\n<\/div>\n\n\n\n<div class=\"wp-block-column is-layout-flow wp-block-column-is-layout-flow\">\n<div class=\"wp-block-buttons is-layout-flex wp-block-buttons-is-layout-flex\">\n<div class=\"wp-block-button has-custom-font-size has-small-font-size\"><a class=\"wp-block-button__link has-medium-gray-color has-light-gray-background-color has-text-color has-background wp-element-button\" href=\"https:\/\/www.coneau.gob.ar\/coneau\/solicitar-informacion\" target=\"_blank\" rel=\"noreferrer noopener\">solicitar informaci\u00f3n<\/a><\/div>\n<\/div>\n<\/div>\n<\/div>\n\n\n\n<div class=\"wp-block-columns is-layout-flex wp-container-core-columns-is-layout-9d6595d7 wp-block-columns-is-layout-flex\">\n<div class=\"wp-block-column is-layout-flow wp-block-column-is-layout-flow\">\n<div class=\"wp-block-buttons is-layout-flex wp-block-buttons-is-layout-flex\">\n<div class=\"wp-block-button has-custom-font-size has-small-font-size\"><a class=\"wp-block-button__link has-medium-gray-color has-light-gray-background-color has-text-color has-background wp-element-button\" href=\"https:\/\/www.coneau.gob.ar\/coneau\/catalogo-de-datos-abiertos\" target=\"_blank\" rel=\"noreferrer noopener\">cat\u00e1logo de datos p\u00fablicos<\/a><\/div>\n<\/div>\n<\/div>\n\n\n\n<div class=\"wp-block-column is-layout-flow wp-block-column-is-layout-flow\">\n<div class=\"wp-block-buttons is-layout-flex wp-block-buttons-is-layout-flex\">\n<div class=\"wp-block-button has-custom-font-size has-small-font-size\"><a class=\"wp-block-button__link has-medium-gray-color has-light-gray-background-color has-text-color has-background wp-element-button\" href=\"https:\/\/www.coneau.gob.ar\/coneau\/transparencia-proactiva\/\" target=\"_blank\" rel=\"noreferrer noopener\">transparencia proactiva<\/a><\/div>\n<\/div>\n<\/div>\n\n\n\n<div class=\"wp-block-column is-layout-flow wp-block-column-is-layout-flow\"><\/div>\n<\/div>\n\n\n\n<h6 class=\"wp-block-heading\">Informaci\u00f3n actualizada a octubre 2025.<\/h6>\n\n\n\n<ul class=\"wp-block-list\">\n<li><\/li>\n<\/ul>\n","protected":false},"excerpt":{"rendered":"<p>La Comisi\u00f3n Nacional de Evaluaci\u00f3n y Acreditaci\u00f3n Universitaria cumple con la&nbsp;Ley N\u00b0 27.275 de Acceso a la Informaci\u00f3n P\u00fablica, que tiene por objeto garantizar el efectivo ejercicio del derecho de &hellip; <a href=\"https:\/\/jotape.com.ar\/?page_id=12341\" class=\"more-link\">Seguir leyendo <span class=\"screen-reader-text\">Transparencia CONEAU<\/span> <span class=\"meta-nav\">&rarr;<\/span><\/a><\/p>\n","protected":false},"author":2,"featured_media":12186,"parent":0,"menu_order":0,"comment_status":"closed","ping_status":"closed","template":"","meta":{"footnotes":""},"class_list":["post-12341","page","type-page","status-publish","has-post-thumbnail","hentry"],"_links":{"self":[{"href":"https:\/\/jotape.com.ar\/index.php?rest_route=\/wp\/v2\/pages\/12341","targetHints":{"allow":["GET"]}}],"collection":[{"href":"https:\/\/jotape.com.ar\/index.php?rest_route=\/wp\/v2\/pages"}],"about":[{"href":"https:\/\/jotape.com.ar\/index.php?rest_route=\/wp\/v2\/types\/page"}],"author":[{"embeddable":true,"href":"https:\/\/jotape.com.ar\/index.php?rest_route=\/wp\/v2\/users\/2"}],"replies":[{"embeddable":true,"href":"https:\/\/jotape.com.ar\/index.php?rest_route=%2Fwp%2Fv2%2Fcomments&post=12341"}],"version-history":[{"count":20,"href":"https:\/\/jotape.com.ar\/index.php?rest_route=\/wp\/v2\/pages\/12341\/revisions"}],"predecessor-version":[{"id":13126,"href":"https:\/\/jotape.com.ar\/index.php?rest_route=\/wp\/v2\/pages\/12341\/revisions\/13126"}],"wp:featuredmedia":[{"embeddable":true,"href":"https:\/\/jotape.com.ar\/index.php?rest_route=\/wp\/v2\/media\/12186"}],"wp:attachment":[{"href":"https:\/\/jotape.com.ar\/index.php?rest_route=%2Fwp%2Fv2%2Fmedia&parent=12341"}],"curies":[{"name":"wp","href":"https:\/\/api.w.org\/{rel}","templated":true}]}}