{"id":193,"date":"2015-06-17T20:56:20","date_gmt":"2015-06-17T20:56:20","guid":{"rendered":"http:\/\/hakuna.com.ar\/projects\/coneau\/wordpress\/?page_id=193"},"modified":"2022-09-27T16:21:16","modified_gmt":"2022-09-27T19:21:16","slug":"normativa-e-instrumentos","status":"publish","type":"page","link":"https:\/\/jotape.com.ar\/?page_id=193","title":{"rendered":"Normativa e Instrumentos"},"content":{"rendered":"<p>&#8211;\u00a0<strong><a href=\"https:\/\/www.coneau.gob.ar\/archivos\/ModeloAcuerdoGeneralVersionFinal.pdf\">Modelo de convenio<\/a><\/strong><\/p>\n<p>&#8211; <strong>Ordenanzas CONEAU N\u00b0 \u00a0<a href=\"https:\/\/www.coneau.gob.ar\/archivos\/ordenanzas\/Orde028.pdf\" target=\"_blank\" rel=\"noopener noreferrer\">028\/01<\/a> y <\/strong><a href=\"https:\/\/www.coneau.gob.ar\/archivos\/ordenanzas\/Orde029.pdf\" target=\"_blank\" rel=\"noopener noreferrer\"><strong>029\/01<\/strong><\/a><\/p>\n<p>&#8211;<strong> <a href=\"https:\/\/www.coneau.gob.ar\/archivos\/evaluacion\/Criterios_procedimientosEE_Res38211.pdf\" target=\"_blank\" rel=\"noopener noreferrer\">Resoluci\u00f3n\u00a0CONEAU N\u00b0 382\/11<\/a><\/strong><\/p>\n<p>&#8211; <span style=\"color: #008000;\"><strong><a style=\"color: #008000;\" href=\"https:\/\/www.coneau.gob.ar\/coneau\/wp-content\/uploads\/2022\/09\/Gu\u00eda-para-la-elaboraci\u00f3n-del-informe-del-CPE.pdf\">Gu\u00eda para la elaboraci\u00f3n del informe del Comit\u00e9 de Pares Evaluadores<\/a><\/strong><\/span><\/p>\n","protected":false},"excerpt":{"rendered":"<p>&#8211;\u00a0Modelo de convenio &#8211; Ordenanzas CONEAU N\u00b0 \u00a0028\/01 y 029\/01 &#8211; Resoluci\u00f3n\u00a0CONEAU N\u00b0 382\/11 &#8211; Gu\u00eda para la elaboraci\u00f3n del informe del Comit\u00e9 de Pares Evaluadores<\/p>\n","protected":false},"author":2,"featured_media":1174,"parent":33,"menu_order":0,"comment_status":"open","ping_status":"closed","template":"template-evaluacion-externa.php","meta":{"footnotes":""},"class_list":["post-193","page","type-page","status-publish","has-post-thumbnail","hentry"],"_links":{"self":[{"href":"https:\/\/jotape.com.ar\/index.php?rest_route=\/wp\/v2\/pages\/193","targetHints":{"allow":["GET"]}}],"collection":[{"href":"https:\/\/jotape.com.ar\/index.php?rest_route=\/wp\/v2\/pages"}],"about":[{"href":"https:\/\/jotape.com.ar\/index.php?rest_route=\/wp\/v2\/types\/page"}],"author":[{"embeddable":true,"href":"https:\/\/jotape.com.ar\/index.php?rest_route=\/wp\/v2\/users\/2"}],"replies":[{"embeddable":true,"href":"https:\/\/jotape.com.ar\/index.php?rest_route=%2Fwp%2Fv2%2Fcomments&post=193"}],"version-history":[{"count":13,"href":"https:\/\/jotape.com.ar\/index.php?rest_route=\/wp\/v2\/pages\/193\/revisions"}],"predecessor-version":[{"id":8645,"href":"https:\/\/jotape.com.ar\/index.php?rest_route=\/wp\/v2\/pages\/193\/revisions\/8645"}],"up":[{"embeddable":true,"href":"https:\/\/jotape.com.ar\/index.php?rest_route=\/wp\/v2\/pages\/33"}],"wp:featuredmedia":[{"embeddable":true,"href":"https:\/\/jotape.com.ar\/index.php?rest_route=\/wp\/v2\/media\/1174"}],"wp:attachment":[{"href":"https:\/\/jotape.com.ar\/index.php?rest_route=%2Fwp%2Fv2%2Fmedia&parent=193"}],"curies":[{"name":"wp","href":"https:\/\/api.w.org\/{rel}","templated":true}]}}