{"id":25,"date":"2015-05-26T17:37:43","date_gmt":"2015-05-26T17:37:43","guid":{"rendered":"http:\/\/hakuna.com.ar\/projects\/coneau\/wordpress\/?page_id=25"},"modified":"2022-06-09T12:58:22","modified_gmt":"2022-06-09T15:58:22","slug":"normativas","status":"publish","type":"page","link":"https:\/\/jotape.com.ar\/?page_id=25","title":{"rendered":"Normativas"},"content":{"rendered":"En la presente secci\u00f3n encontrar\u00e1 disponible leyes, decretos, resoluciones y documentos relacionados a los procesos de evaluaci\u00f3n y acreditaci\u00f3n que lleva adelante el organismo.\n<p style=\"text-align: justify;\"><\/p>\n\n<ul class=\"wp-block-list\">\n \t<li><a href=\"https:\/\/www.coneau.gob.ar\/coneau\/normativas\/leyes\/\">Leyes<\/a>.<\/li>\n \t<li><a href=\"https:\/\/www.coneau.gob.ar\/coneau\/normativas\/decretos\/\">Decretos.<\/a><\/li>\n \t<li><a href=\"https:\/\/www.coneau.gob.ar\/coneau\/normativas\/resoluciones-ministeriales\/\">Resoluciones Ministeriales.<\/a><\/li>\n \t<li><a href=\"https:\/\/www.coneau.gob.ar\/coneau\/normativas\/ordenanzas\/\">Ordenanzas.<\/a><\/li>\n \t<li><a href=\"https:\/\/www.coneau.gob.ar\/coneau\/actas\/\">Actas.<\/a><\/li>\n \t<li><a href=\"https:\/\/www.coneau.gob.ar\/coneau\/documentos-coneau\/\">Documentos CONEAU.<\/a><\/li>\n<\/ul>\n<p style=\"text-align: justify;\"><\/p>","protected":false},"excerpt":{"rendered":"<p>En la presente secci\u00f3n encontrar\u00e1 disponible leyes, decretos, resoluciones y documentos relacionados a los procesos de evaluaci\u00f3n y acreditaci\u00f3n que lleva adelante el organismo. Leyes. Decretos. Resoluciones Ministeriales. Ordenanzas. Actas. &hellip; <a href=\"https:\/\/jotape.com.ar\/?page_id=25\" class=\"more-link\">Seguir leyendo <span class=\"screen-reader-text\">Normativas<\/span> <span class=\"meta-nav\">&rarr;<\/span><\/a><\/p>\n","protected":false},"author":2,"featured_media":1080,"parent":0,"menu_order":3,"comment_status":"closed","ping_status":"closed","template":"","meta":{"footnotes":""},"class_list":["post-25","page","type-page","status-publish","has-post-thumbnail","hentry"],"_links":{"self":[{"href":"https:\/\/jotape.com.ar\/index.php?rest_route=\/wp\/v2\/pages\/25","targetHints":{"allow":["GET"]}}],"collection":[{"href":"https:\/\/jotape.com.ar\/index.php?rest_route=\/wp\/v2\/pages"}],"about":[{"href":"https:\/\/jotape.com.ar\/index.php?rest_route=\/wp\/v2\/types\/page"}],"author":[{"embeddable":true,"href":"https:\/\/jotape.com.ar\/index.php?rest_route=\/wp\/v2\/users\/2"}],"replies":[{"embeddable":true,"href":"https:\/\/jotape.com.ar\/index.php?rest_route=%2Fwp%2Fv2%2Fcomments&post=25"}],"version-history":[{"count":7,"href":"https:\/\/jotape.com.ar\/index.php?rest_route=\/wp\/v2\/pages\/25\/revisions"}],"predecessor-version":[{"id":8380,"href":"https:\/\/jotape.com.ar\/index.php?rest_route=\/wp\/v2\/pages\/25\/revisions\/8380"}],"wp:featuredmedia":[{"embeddable":true,"href":"https:\/\/jotape.com.ar\/index.php?rest_route=\/wp\/v2\/media\/1080"}],"wp:attachment":[{"href":"https:\/\/jotape.com.ar\/index.php?rest_route=%2Fwp%2Fv2%2Fmedia&parent=25"}],"curies":[{"name":"wp","href":"https:\/\/api.w.org\/{rel}","templated":true}]}}