{"id":252,"date":"2015-06-18T18:43:30","date_gmt":"2015-06-18T18:43:30","guid":{"rendered":"http:\/\/hakuna.com.ar\/projects\/coneau\/wordpress\/?page_id=252"},"modified":"2015-09-10T10:38:24","modified_gmt":"2015-09-10T13:38:24","slug":"autoevaluacion","status":"publish","type":"page","link":"https:\/\/jotape.com.ar\/?page_id=252","title":{"rendered":"Autoevaluaci\u00f3n"},"content":{"rendered":"<p style=\"text-align: justify;\">El documento que constituye la base para la implementaci\u00f3n de la evaluaci\u00f3n externa es el Informe de Autoevaluaci\u00f3n Institucional elaborado por la instituci\u00f3n universitaria. En dicho informe se exponen las actividades, la organizaci\u00f3n y el funcionamiento de la instituci\u00f3n, as\u00ed como sus objetivos, pol\u00edticas y estrategias; presenta un an\u00e1lisis de los procesos y de los resultados obtenidos y tambi\u00e9n una apreciaci\u00f3n sobre su realidad actual teniendo en cuenta su proyecto institucional y su historia.<\/p>\n<p style=\"text-align: justify;\">La autoevaluaci\u00f3n institucional debe respetar los siguientes principios: contar con un alto grado de participaci\u00f3n de la comunidad universitaria; adoptar una perspectiva contextual e hist\u00f3rica referida del proyecto de la instituci\u00f3n; cubrir todas las funciones que desempe\u00f1a la instituci\u00f3n; enfocar a la instituci\u00f3n como un todo y no como una mera suma de sus partes; contar con informaci\u00f3n cuantitativa y cualitativa b\u00e1sica relevada a trav\u00e9s del <span style=\"font-size: 9.0pt; font-family: 'Arial','sans-serif'; color: #0070c0;\">Sistema de Informaci\u00f3n para la Evaluaci\u00f3n y el Mejoramiento Institucional (SIEMI).<\/span><\/p>\n<p style=\"text-align: justify;\">Para asistir a las instituciones universitarias en la etapa de autoevaluaci\u00f3n institucional, la CONEAU contempla actividades de di\u00e1logo t\u00e9cnico entre el organismo y las instituciones que est\u00e9n llevando adelante estos procesos internos.<\/p>\n","protected":false},"excerpt":{"rendered":"<p>El documento que constituye la base para la implementaci\u00f3n de la evaluaci\u00f3n externa es el Informe de Autoevaluaci\u00f3n Institucional elaborado por la instituci\u00f3n universitaria. En dicho informe se exponen las &hellip; <a href=\"https:\/\/jotape.com.ar\/?page_id=252\" class=\"more-link\">Seguir leyendo <span class=\"screen-reader-text\">Autoevaluaci\u00f3n<\/span> <span class=\"meta-nav\">&rarr;<\/span><\/a><\/p>\n","protected":false},"author":2,"featured_media":1174,"parent":191,"menu_order":0,"comment_status":"open","ping_status":"closed","template":"template-evaluacion-externa.php","meta":{"footnotes":""},"class_list":["post-252","page","type-page","status-publish","has-post-thumbnail","hentry"],"_links":{"self":[{"href":"https:\/\/jotape.com.ar\/index.php?rest_route=\/wp\/v2\/pages\/252","targetHints":{"allow":["GET"]}}],"collection":[{"href":"https:\/\/jotape.com.ar\/index.php?rest_route=\/wp\/v2\/pages"}],"about":[{"href":"https:\/\/jotape.com.ar\/index.php?rest_route=\/wp\/v2\/types\/page"}],"author":[{"embeddable":true,"href":"https:\/\/jotape.com.ar\/index.php?rest_route=\/wp\/v2\/users\/2"}],"replies":[{"embeddable":true,"href":"https:\/\/jotape.com.ar\/index.php?rest_route=%2Fwp%2Fv2%2Fcomments&post=252"}],"version-history":[{"count":5,"href":"https:\/\/jotape.com.ar\/index.php?rest_route=\/wp\/v2\/pages\/252\/revisions"}],"predecessor-version":[{"id":1281,"href":"https:\/\/jotape.com.ar\/index.php?rest_route=\/wp\/v2\/pages\/252\/revisions\/1281"}],"up":[{"embeddable":true,"href":"https:\/\/jotape.com.ar\/index.php?rest_route=\/wp\/v2\/pages\/191"}],"wp:featuredmedia":[{"embeddable":true,"href":"https:\/\/jotape.com.ar\/index.php?rest_route=\/wp\/v2\/media\/1174"}],"wp:attachment":[{"href":"https:\/\/jotape.com.ar\/index.php?rest_route=%2Fwp%2Fv2%2Fmedia&parent=252"}],"curies":[{"name":"wp","href":"https:\/\/api.w.org\/{rel}","templated":true}]}}