{"id":2691,"date":"2017-02-15T14:46:21","date_gmt":"2017-02-15T17:46:21","guid":{"rendered":"http:\/\/www.coneau.gob.ar\/CONEAU\/?page_id=2691"},"modified":"2020-04-03T17:51:31","modified_gmt":"2020-04-03T20:51:31","slug":"acreditacion-de-carreras-2","status":"publish","type":"page","link":"https:\/\/jotape.com.ar\/?page_id=2691","title":{"rendered":"Implementaci\u00f3n de\u00a0TAD en Acreditaci\u00f3n de Carreras"},"content":{"rendered":"<p style=\"text-align: justify;\"><span style=\"color: #333333;\">CONEAU informa que seg\u00fan \u00a0<span style=\"color: #003366;\"><a style=\"color: #003366;\" href=\"https:\/\/www.coneau.gob.ar\/wp-content\/uploads\/2017\/02\/RS-2017-00415273-APN-SECMAMM-TAD-Educaci\u00f3n.pdf\" target=\"_blank\" rel=\"noopener noreferrer\">RESOL-2017-9-APN-SECMA#MM<\/a><\/span> del 10 de enero de 2017, los <b>expedientes\u00a0<\/b>referidos a los tr\u00e1mites de\u00a0<strong>acreditaci\u00f3n de carreras y\u00a0de reconocimiento oficial provisorio,\u00a0<\/strong>deber\u00e1n iniciarse a trav\u00e9s de la plataforma <strong>\u201cTr\u00e1mites a Distancia\u201d (TAD)<\/strong> del sistema de Gesti\u00f3n Documental Electr\u00f3nica (GDE).<\/span><\/p>\n<p><em>Tr\u00e1mites en los que se implementa TAD:<\/em><\/p>\n<p><span style=\"color: #000000;\"><strong><a style=\"color: #000000;\" href=\"https:\/\/www.coneau.gob.ar\/wp-content\/uploads\/2017\/02\/drag-10.png\"><img decoding=\"async\" class=\"alignnone wp-image-2730\" src=\"https:\/\/www.coneau.gob.ar\/wp-content\/uploads\/2017\/02\/drag-10.png\" alt=\"drag-10\" width=\"25\" height=\"25\" srcset=\"https:\/\/jotape.com.ar\/wp-content\/uploads\/2017\/02\/drag-10.png 512w, https:\/\/jotape.com.ar\/wp-content\/uploads\/2017\/02\/drag-10-150x150.png 150w, https:\/\/jotape.com.ar\/wp-content\/uploads\/2017\/02\/drag-10-300x300.png 300w, https:\/\/jotape.com.ar\/wp-content\/uploads\/2017\/02\/drag-10-356x352.png 356w\" sizes=\"(max-width: 25px) 100vw, 25px\" \/><\/a>\u00a0Reconocimiento oficial provisorio de t\u00edtulo de carrera de grado<\/strong><\/span><\/p>\n<p><span style=\"color: #000000;\"><strong><a style=\"color: #000000;\" href=\"https:\/\/www.coneau.gob.ar\/wp-content\/uploads\/2017\/02\/drag-10.png\"><img decoding=\"async\" class=\"alignnone wp-image-2730\" src=\"https:\/\/www.coneau.gob.ar\/wp-content\/uploads\/2017\/02\/drag-10.png\" alt=\"drag-10\" width=\"25\" height=\"25\" srcset=\"https:\/\/jotape.com.ar\/wp-content\/uploads\/2017\/02\/drag-10.png 512w, https:\/\/jotape.com.ar\/wp-content\/uploads\/2017\/02\/drag-10-150x150.png 150w, https:\/\/jotape.com.ar\/wp-content\/uploads\/2017\/02\/drag-10-300x300.png 300w, https:\/\/jotape.com.ar\/wp-content\/uploads\/2017\/02\/drag-10-356x352.png 356w\" sizes=\"(max-width: 25px) 100vw, 25px\" \/><\/a>\u00a0Acreditaci\u00f3n de carrera de grado<\/strong><\/span><\/p>\n<p><span style=\"color: #000000;\"><strong>\u00a0<a style=\"color: #000000;\" href=\"https:\/\/www.coneau.gob.ar\/wp-content\/uploads\/2017\/02\/drag-10.png\"><img decoding=\"async\" class=\"alignnone wp-image-2730\" src=\"https:\/\/www.coneau.gob.ar\/wp-content\/uploads\/2017\/02\/drag-10.png\" alt=\"drag-10\" width=\"25\" height=\"25\" srcset=\"https:\/\/jotape.com.ar\/wp-content\/uploads\/2017\/02\/drag-10.png 512w, https:\/\/jotape.com.ar\/wp-content\/uploads\/2017\/02\/drag-10-150x150.png 150w, https:\/\/jotape.com.ar\/wp-content\/uploads\/2017\/02\/drag-10-300x300.png 300w, https:\/\/jotape.com.ar\/wp-content\/uploads\/2017\/02\/drag-10-356x352.png 356w\" sizes=\"(max-width: 25px) 100vw, 25px\" \/><\/a>\u00a0Reconocimiento oficial provisorio de t\u00edtulo de carrera de posgrado<\/strong><\/span><\/p>\n<p><span style=\"color: #000000;\"><strong>\u00a0<a style=\"color: #000000;\" href=\"https:\/\/www.coneau.gob.ar\/wp-content\/uploads\/2017\/02\/drag-10.png\"><img decoding=\"async\" class=\"alignnone wp-image-2730\" src=\"https:\/\/www.coneau.gob.ar\/wp-content\/uploads\/2017\/02\/drag-10.png\" alt=\"drag-10\" width=\"25\" height=\"25\" srcset=\"https:\/\/jotape.com.ar\/wp-content\/uploads\/2017\/02\/drag-10.png 512w, https:\/\/jotape.com.ar\/wp-content\/uploads\/2017\/02\/drag-10-150x150.png 150w, https:\/\/jotape.com.ar\/wp-content\/uploads\/2017\/02\/drag-10-300x300.png 300w, https:\/\/jotape.com.ar\/wp-content\/uploads\/2017\/02\/drag-10-356x352.png 356w\" sizes=\"(max-width: 25px) 100vw, 25px\" \/><\/a> Acreditaci\u00f3n de carrera de posgrado<\/strong><\/span><\/p>\n<h4>\u00a0<strong>Para realizar una solicitud<\/strong><\/h4>\n<h4><a href=\"https:\/\/www.coneau.gob.ar\/wp-content\/uploads\/2017\/02\/infograf\u00eda-TAD-3-e1487701667713.png\"><img fetchpriority=\"high\" decoding=\"async\" class=\"alignnone size-full wp-image-2713\" src=\"https:\/\/www.coneau.gob.ar\/wp-content\/uploads\/2017\/02\/infograf\u00eda-TAD-3-e1487701667713.png\" alt=\"infograf\u00eda TAD (3)\" width=\"560\" height=\"274\" srcset=\"https:\/\/jotape.com.ar\/wp-content\/uploads\/2017\/02\/infograf\u00eda-TAD-3-e1487701667713.png 560w, https:\/\/jotape.com.ar\/wp-content\/uploads\/2017\/02\/infograf\u00eda-TAD-3-e1487701667713-300x147.png 300w\" sizes=\"(max-width: 560px) 100vw, 560px\" \/><\/a><\/h4>\n<h4><strong>Para inicio y seguimiento de expedientes en TAD<\/strong><\/h4>\n<p><strong><div class=\"panel panel-default\">\n                <div class=\"panel-heading\" role=\"tab\" id=\"headingOne\">\n                    <h4 class=\"panel-title\">\n                        <a data-toggle=\"collapse\" data-parent=\"#accordion-0\" href=\"#acc-2\" aria-expanded=\"true\" aria-controls=\"collapseOne\">\n                            <i class=\"fa fa-arrow-down\"><\/i> Vincular TAD a trav\u00e9s AFIP<\/strong><strong>\n                        <\/a>\n                    <\/h4>\n                <\/div>\n                <div id=\"acc-2\" class=\"panel-collapse collapse \" role=\"tabpanel\" aria-labelledby=\"headingOne\">\n                    <div class=\"panel-body\"><\/strong><\/p>\n<p><strong><a href=\"https:\/\/www.coneau.gob.ar\/wp-content\/uploads\/2017\/02\/drag-10.png\"><img decoding=\"async\" class=\"alignnone wp-image-2730\" src=\"https:\/\/www.coneau.gob.ar\/wp-content\/uploads\/2017\/02\/drag-10.png\" alt=\"drag-10\" width=\"25\" height=\"25\" srcset=\"https:\/\/jotape.com.ar\/wp-content\/uploads\/2017\/02\/drag-10.png 512w, https:\/\/jotape.com.ar\/wp-content\/uploads\/2017\/02\/drag-10-150x150.png 150w, https:\/\/jotape.com.ar\/wp-content\/uploads\/2017\/02\/drag-10-300x300.png 300w, https:\/\/jotape.com.ar\/wp-content\/uploads\/2017\/02\/drag-10-356x352.png 356w\" sizes=\"(max-width: 25px) 100vw, 25px\" \/><\/a>\u00a0 La\u00a0instituci\u00f3n universitaria deber\u00e1 designar el\/los apoderado\/s que administrar\u00e1n los tr\u00e1mites a distancia en la plataforma.\u00a0<\/strong><\/p>\n<p><strong><a href=\"https:\/\/www.coneau.gob.ar\/coneau\/wp-content\/uploads\/2017\/02\/TAD_Designaci\u00f3n-de-apoderados.pdf\" target=\"_blank\" rel=\"noopener noreferrer\">Descargar Manual<\/a><\/strong><\/p>\n<p><strong><a href=\"https:\/\/www.coneau.gob.ar\/wp-content\/uploads\/2017\/02\/drag-10.png\"><img decoding=\"async\" class=\"alignnone wp-image-2730\" src=\"https:\/\/www.coneau.gob.ar\/wp-content\/uploads\/2017\/02\/drag-10.png\" alt=\"drag-10\" width=\"25\" height=\"25\" srcset=\"https:\/\/jotape.com.ar\/wp-content\/uploads\/2017\/02\/drag-10.png 512w, https:\/\/jotape.com.ar\/wp-content\/uploads\/2017\/02\/drag-10-150x150.png 150w, https:\/\/jotape.com.ar\/wp-content\/uploads\/2017\/02\/drag-10-300x300.png 300w, https:\/\/jotape.com.ar\/wp-content\/uploads\/2017\/02\/drag-10-356x352.png 356w\" sizes=\"(max-width: 25px) 100vw, 25px\" \/><\/a>\u00a0El apoderado ingresar\u00e1 a TAD\u00a0con su CUIT y clave fiscal.<\/strong><\/p>\n<p><strong><a href=\"https:\/\/www.coneau.gob.ar\/wp-content\/uploads\/2017\/02\/drag-10.png\"><img decoding=\"async\" class=\"alignnone wp-image-2730\" src=\"https:\/\/www.coneau.gob.ar\/wp-content\/uploads\/2017\/02\/drag-10.png\" alt=\"drag-10\" width=\"25\" height=\"25\" srcset=\"https:\/\/jotape.com.ar\/wp-content\/uploads\/2017\/02\/drag-10.png 512w, https:\/\/jotape.com.ar\/wp-content\/uploads\/2017\/02\/drag-10-150x150.png 150w, https:\/\/jotape.com.ar\/wp-content\/uploads\/2017\/02\/drag-10-300x300.png 300w, https:\/\/jotape.com.ar\/wp-content\/uploads\/2017\/02\/drag-10-356x352.png 356w\" sizes=\"(max-width: 25px) 100vw, 25px\" \/><\/a>\u00a0 Deber\u00e1 adherir el servicio de \u00abTr\u00e1mites a Distancia\u00bb, dentro de la secci\u00f3n Ministerio de Modernizaci\u00f3n. \u00a0Esta acci\u00f3n se realizar\u00e1 por \u00fanica vez.<\/strong><\/p>\n<p><strong><a href=\"https:\/\/www.youtube.com\/watch?v=sk_og7ee4Y0\" target=\"_blank\" rel=\"noopener noreferrer\">V<\/a><\/strong><strong><a href=\"https:\/\/www.youtube.com\/watch?v=sk_og7ee4Y0\" target=\"_blank\" rel=\"noopener noreferrer\">er video tutorial<\/a>\u00a0| <a href=\"https:\/\/www.coneau.gob.ar\/coneau\/wp-content\/uploads\/2017\/02\/Manual-usuario-TAD_CONEAU-Adhesi\u00f3n-del-servicio.pdf\" target=\"_blank\" rel=\"noopener noreferrer\">Descargar Manual<\/a><\/strong><\/p>\n<p><strong><a href=\"https:\/\/www.coneau.gob.ar\/wp-content\/uploads\/2017\/02\/drag-10.png\"><img decoding=\"async\" class=\"alignnone wp-image-2730\" src=\"https:\/\/www.coneau.gob.ar\/wp-content\/uploads\/2017\/02\/drag-10.png\" alt=\"drag-10\" width=\"25\" height=\"25\" srcset=\"https:\/\/jotape.com.ar\/wp-content\/uploads\/2017\/02\/drag-10.png 512w, https:\/\/jotape.com.ar\/wp-content\/uploads\/2017\/02\/drag-10-150x150.png 150w, https:\/\/jotape.com.ar\/wp-content\/uploads\/2017\/02\/drag-10-300x300.png 300w, https:\/\/jotape.com.ar\/wp-content\/uploads\/2017\/02\/drag-10-356x352.png 356w\" sizes=\"(max-width: 25px) 100vw, 25px\" \/><\/a>\u00a0<\/strong>Una vez adherido el servicio, cada vez que el apoderado ingrese a TAD para gestionar los tr\u00e1mites a distancia, deber\u00e1 elegir\u00a0el CUIT de la instituci\u00f3n que lo apoder\u00f3.<\/p>\n<p><strong><a href=\"https:\/\/www.coneau.gob.ar\/wp-content\/uploads\/2017\/02\/drag-10.png\"><img decoding=\"async\" class=\"alignnone wp-image-2730\" src=\"https:\/\/www.coneau.gob.ar\/wp-content\/uploads\/2017\/02\/drag-10.png\" alt=\"drag-10\" width=\"25\" height=\"25\" srcset=\"https:\/\/jotape.com.ar\/wp-content\/uploads\/2017\/02\/drag-10.png 512w, https:\/\/jotape.com.ar\/wp-content\/uploads\/2017\/02\/drag-10-150x150.png 150w, https:\/\/jotape.com.ar\/wp-content\/uploads\/2017\/02\/drag-10-300x300.png 300w, https:\/\/jotape.com.ar\/wp-content\/uploads\/2017\/02\/drag-10-356x352.png 356w\" sizes=\"(max-width: 25px) 100vw, 25px\" \/><\/a>\u00a0 <\/strong>Luego, el usuario acceder\u00e1 al <strong>Escritorio \u00danico de Tr\u00e1mites a Distancia<\/strong> que le permitir\u00e1 seleccionar las diferentes opciones para el inicio y seguimiento de los tr\u00e1mites.<br \/>\n<\/div>\n                <\/div>\n            <\/div><\/p>\n<p><strong><div class=\"panel panel-default\">\n                <div class=\"panel-heading\" role=\"tab\" id=\"headingOne\">\n                    <h4 class=\"panel-title\">\n                        <a data-toggle=\"collapse\" data-parent=\"#accordion-0\" href=\"#acc-3\" aria-expanded=\"true\" aria-controls=\"collapseOne\">\n                            <i class=\"fa fa-arrow-down\"><\/i> Seleccionar tr\u00e1mites  CONEAU en TAD<\/strong><strong>\n                        <\/a>\n                    <\/h4>\n                <\/div>\n                <div id=\"acc-3\" class=\"panel-collapse collapse \" role=\"tabpanel\" aria-labelledby=\"headingOne\">\n                    <div class=\"panel-body\"><\/strong><\/p>\n<p><strong><a href=\"https:\/\/www.coneau.gob.ar\/wp-content\/uploads\/2017\/02\/drag-10.png\"><img decoding=\"async\" class=\"alignnone wp-image-2730\" src=\"https:\/\/www.coneau.gob.ar\/wp-content\/uploads\/2017\/02\/drag-10.png\" alt=\"drag-10\" width=\"25\" height=\"25\" srcset=\"https:\/\/jotape.com.ar\/wp-content\/uploads\/2017\/02\/drag-10.png 512w, https:\/\/jotape.com.ar\/wp-content\/uploads\/2017\/02\/drag-10-150x150.png 150w, https:\/\/jotape.com.ar\/wp-content\/uploads\/2017\/02\/drag-10-300x300.png 300w, https:\/\/jotape.com.ar\/wp-content\/uploads\/2017\/02\/drag-10-356x352.png 356w\" sizes=\"(max-width: 25px) 100vw, 25px\" \/><\/a>\u00a0 En el Escritorio \u00danico de Tr\u00e1mites a Distancia seleccionar el buz\u00f3n \u00abNuevo Tr\u00e1mite\u00bb.<\/strong><\/p>\n<p><strong><a href=\"https:\/\/www.coneau.gob.ar\/wp-content\/uploads\/2017\/02\/drag-10.png\"><img decoding=\"async\" class=\"alignnone wp-image-2730\" src=\"https:\/\/www.coneau.gob.ar\/wp-content\/uploads\/2017\/02\/drag-10.png\" alt=\"drag-10\" width=\"25\" height=\"25\" srcset=\"https:\/\/jotape.com.ar\/wp-content\/uploads\/2017\/02\/drag-10.png 512w, https:\/\/jotape.com.ar\/wp-content\/uploads\/2017\/02\/drag-10-150x150.png 150w, https:\/\/jotape.com.ar\/wp-content\/uploads\/2017\/02\/drag-10-300x300.png 300w, https:\/\/jotape.com.ar\/wp-content\/uploads\/2017\/02\/drag-10-356x352.png 356w\" sizes=\"(max-width: 25px) 100vw, 25px\" \/><\/a>\u00a0 Buscar los Tr\u00e1mites del grupo \u00abCONEAU\u00bb y elegir el tr\u00e1mite correspondiente.<\/strong><\/p>\n<p><strong><span style=\"color: #003366;\"><a href=\"https:\/\/www.coneau.gob.ar\/wp-content\/uploads\/2017\/02\/drag-10.png\"><img decoding=\"async\" class=\"alignnone wp-image-2730\" src=\"https:\/\/www.coneau.gob.ar\/wp-content\/uploads\/2017\/02\/drag-10.png\" alt=\"drag-10\" width=\"25\" height=\"25\" srcset=\"https:\/\/jotape.com.ar\/wp-content\/uploads\/2017\/02\/drag-10.png 512w, https:\/\/jotape.com.ar\/wp-content\/uploads\/2017\/02\/drag-10-150x150.png 150w, https:\/\/jotape.com.ar\/wp-content\/uploads\/2017\/02\/drag-10-300x300.png 300w, https:\/\/jotape.com.ar\/wp-content\/uploads\/2017\/02\/drag-10-356x352.png 356w\" sizes=\"(max-width: 25px) 100vw, 25px\" \/><\/a>\u00a0Completar formulario con datos del solicitante.<\/span><\/strong><\/p>\n<p><strong><a href=\"https:\/\/www.coneau.gob.ar\/wp-content\/uploads\/2017\/02\/drag-10.png\"><img decoding=\"async\" class=\"alignnone wp-image-2730\" src=\"https:\/\/www.coneau.gob.ar\/wp-content\/uploads\/2017\/02\/drag-10.png\" alt=\"drag-10\" width=\"25\" height=\"25\" srcset=\"https:\/\/jotape.com.ar\/wp-content\/uploads\/2017\/02\/drag-10.png 512w, https:\/\/jotape.com.ar\/wp-content\/uploads\/2017\/02\/drag-10-150x150.png 150w, https:\/\/jotape.com.ar\/wp-content\/uploads\/2017\/02\/drag-10-300x300.png 300w, https:\/\/jotape.com.ar\/wp-content\/uploads\/2017\/02\/drag-10-356x352.png 356w\" sizes=\"(max-width: 25px) 100vw, 25px\" \/><\/a>\u00a0 <span style=\"color: #003366;\">Adjuntar documentaci\u00f3n obligatoria.<\/span><\/strong><\/p>\n<p><span style=\"color: #000000;\"><strong>. Nota de elevaci\u00f3n firmada por el Rector o Presidente de la instituci\u00f3n.<\/strong><\/span><\/p>\n<p><span style=\"color: #000000;\"><strong>. Copias certificadas de los actos administrativos de creaci\u00f3n de la carrera y de aprobaci\u00f3n del plan de estudios (grado y posgrado)<\/strong><\/span><\/p>\n<p><span style=\"color: #000000;\"><strong>. Certificaciones correspondientes a las condiciones de seguridad e higiene de los \u00e1mbitos en los que se desarrolla la carrera (grado y posgrado)<\/strong><\/span><\/p>\n<p><strong><span style=\"color: #003366;\"><a href=\"https:\/\/www.coneau.gob.ar\/wp-content\/uploads\/2017\/02\/drag-10.png\"><img decoding=\"async\" class=\"alignnone wp-image-2730\" src=\"https:\/\/www.coneau.gob.ar\/wp-content\/uploads\/2017\/02\/drag-10.png\" alt=\"drag-10\" width=\"25\" height=\"25\" srcset=\"https:\/\/jotape.com.ar\/wp-content\/uploads\/2017\/02\/drag-10.png 512w, https:\/\/jotape.com.ar\/wp-content\/uploads\/2017\/02\/drag-10-150x150.png 150w, https:\/\/jotape.com.ar\/wp-content\/uploads\/2017\/02\/drag-10-300x300.png 300w, https:\/\/jotape.com.ar\/wp-content\/uploads\/2017\/02\/drag-10-356x352.png 356w\" sizes=\"(max-width: 25px) 100vw, 25px\" \/><\/a>\u00a0Confirmar el tr\u00e1mite: se observar\u00e1 un Resumen de Operaci\u00f3n con el n\u00famero de expediente generado.<\/span><\/strong><\/p>\n<p><a href=\"https:\/\/www.youtube.com\/watch?v=sk_og7ee4Y0\" target=\"_blank\" rel=\"noopener noreferrer\"><strong>V<\/strong><\/a><strong><a href=\"https:\/\/www.youtube.com\/watch?v=sk_og7ee4Y0\" target=\"_blank\" rel=\"noopener noreferrer\">er video tutorial<\/a><a href=\"https:\/\/www.youtube.com\/watch?v=f5ktF21AfS0\" target=\"_blank\" rel=\"noopener noreferrer\">\u00a0<\/a>| <a href=\"http:\/\/www.coneau.gob.ar\/ayuda\/TADCONEAU.pdf\" target=\"_blank\" rel=\"noopener noreferrer\">Descargar Manual<\/a><\/strong><br \/>\n<\/div>\n                <\/div>\n            <\/div><\/p>\n<p><strong><div class=\"panel panel-default\">\n                <div class=\"panel-heading\" role=\"tab\" id=\"headingOne\">\n                    <h4 class=\"panel-title\">\n                        <a data-toggle=\"collapse\" data-parent=\"#accordion-0\" href=\"#acc-4\" aria-expanded=\"true\" aria-controls=\"collapseOne\">\n                            <i class=\"fa fa-arrow-down\"><\/i> Seguir expedientes a trav\u00e9s de Escritorio \u00danico de Tr\u00e1mites a Distancia<\/strong><strong>\n                        <\/a>\n                    <\/h4>\n                <\/div>\n                <div id=\"acc-4\" class=\"panel-collapse collapse \" role=\"tabpanel\" aria-labelledby=\"headingOne\">\n                    <div class=\"panel-body\"><\/strong><\/p>\n<p><strong><a href=\"https:\/\/www.coneau.gob.ar\/wp-content\/uploads\/2017\/02\/drag-10.png\"><img decoding=\"async\" class=\"alignnone wp-image-2730\" src=\"https:\/\/www.coneau.gob.ar\/wp-content\/uploads\/2017\/02\/drag-10.png\" alt=\"drag-10\" width=\"25\" height=\"25\" srcset=\"https:\/\/jotape.com.ar\/wp-content\/uploads\/2017\/02\/drag-10.png 512w, https:\/\/jotape.com.ar\/wp-content\/uploads\/2017\/02\/drag-10-150x150.png 150w, https:\/\/jotape.com.ar\/wp-content\/uploads\/2017\/02\/drag-10-300x300.png 300w, https:\/\/jotape.com.ar\/wp-content\/uploads\/2017\/02\/drag-10-356x352.png 356w\" sizes=\"(max-width: 25px) 100vw, 25px\" \/><\/a>\u00a0 <\/strong>En<strong>\u00a0\u00abMis Tr\u00e1mites\u00bb<\/strong> el usuario podr\u00e1 consultar todos sus tr\u00e1mites en la plataforma (borrados, en curso y finalizados).<\/p>\n<p><strong><a href=\"https:\/\/www.coneau.gob.ar\/wp-content\/uploads\/2017\/02\/drag-10.png\"><img decoding=\"async\" class=\"alignnone wp-image-2730\" src=\"https:\/\/www.coneau.gob.ar\/wp-content\/uploads\/2017\/02\/drag-10.png\" alt=\"drag-10\" width=\"25\" height=\"25\" srcset=\"https:\/\/jotape.com.ar\/wp-content\/uploads\/2017\/02\/drag-10.png 512w, https:\/\/jotape.com.ar\/wp-content\/uploads\/2017\/02\/drag-10-150x150.png 150w, https:\/\/jotape.com.ar\/wp-content\/uploads\/2017\/02\/drag-10-300x300.png 300w, https:\/\/jotape.com.ar\/wp-content\/uploads\/2017\/02\/drag-10-356x352.png 356w\" sizes=\"(max-width: 25px) 100vw, 25px\" \/><\/a>\u00a0<\/strong>En <strong>\u00abMis Tareas\u00bb<\/strong> el usuario podr\u00e1 realizar las correcciones necesarias sobre los\u00a0tr\u00e1mites en curso.<\/p>\n<p><strong><a href=\"https:\/\/www.coneau.gob.ar\/wp-content\/uploads\/2017\/02\/drag-10.png\"><img decoding=\"async\" class=\"alignnone wp-image-2730\" src=\"https:\/\/www.coneau.gob.ar\/wp-content\/uploads\/2017\/02\/drag-10.png\" alt=\"drag-10\" width=\"25\" height=\"25\" srcset=\"https:\/\/jotape.com.ar\/wp-content\/uploads\/2017\/02\/drag-10.png 512w, https:\/\/jotape.com.ar\/wp-content\/uploads\/2017\/02\/drag-10-150x150.png 150w, https:\/\/jotape.com.ar\/wp-content\/uploads\/2017\/02\/drag-10-300x300.png 300w, https:\/\/jotape.com.ar\/wp-content\/uploads\/2017\/02\/drag-10-356x352.png 356w\" sizes=\"(max-width: 25px) 100vw, 25px\" \/><\/a>\u00a0 <\/strong>En <strong>\u00abMis Notificaciones\u00bb<\/strong> el usuario recibir\u00e1 notificaciones \u00a0respecto a los tr\u00e1mites en curso.<\/p>\n<p>El\u00a0resto de las opciones de seguimiento podr\u00e1 consultarlas en el manual de usuario.<\/p>\n<p><a href=\"https:\/\/www.youtube.com\/watch?v=pz-0okpU0vA\" target=\"_blank\" rel=\"noopener noreferrer\"><strong>V<\/strong><\/a><strong><a href=\"https:\/\/www.youtube.com\/watch?v=pz-0okpU0vA\" target=\"_blank\" rel=\"noopener noreferrer\">er video tutorial<\/a><a href=\"https:\/\/www.youtube.com\/watch?v=f5ktF21AfS0\" target=\"_blank\" rel=\"noopener noreferrer\">\u00a0<\/a>| <a href=\"http:\/\/www.coneau.gob.ar\/ayuda\/TADCONEAU.pdf\" target=\"_blank\" rel=\"noopener noreferrer\">Descargar Manual<\/a><\/strong><\/p>\n<p><\/div>\n                <\/div>\n            <\/div><\/p>\n","protected":false},"excerpt":{"rendered":"<p>CONEAU informa que seg\u00fan \u00a0RESOL-2017-9-APN-SECMA#MM del 10 de enero de 2017, los expedientes\u00a0referidos a los tr\u00e1mites de\u00a0acreditaci\u00f3n de carreras y\u00a0de reconocimiento oficial provisorio,\u00a0deber\u00e1n iniciarse a trav\u00e9s de la plataforma \u201cTr\u00e1mites &hellip; <a href=\"https:\/\/jotape.com.ar\/?page_id=2691\" class=\"more-link\">Seguir leyendo <span class=\"screen-reader-text\">Implementaci\u00f3n de\u00a0TAD en Acreditaci\u00f3n de Carreras<\/span> <span class=\"meta-nav\">&rarr;<\/span><\/a><\/p>\n","protected":false},"author":2,"featured_media":2784,"parent":0,"menu_order":0,"comment_status":"open","ping_status":"closed","template":"template-carreras.php","meta":{"footnotes":""},"class_list":["post-2691","page","type-page","status-publish","has-post-thumbnail","hentry"],"_links":{"self":[{"href":"https:\/\/jotape.com.ar\/index.php?rest_route=\/wp\/v2\/pages\/2691","targetHints":{"allow":["GET"]}}],"collection":[{"href":"https:\/\/jotape.com.ar\/index.php?rest_route=\/wp\/v2\/pages"}],"about":[{"href":"https:\/\/jotape.com.ar\/index.php?rest_route=\/wp\/v2\/types\/page"}],"author":[{"embeddable":true,"href":"https:\/\/jotape.com.ar\/index.php?rest_route=\/wp\/v2\/users\/2"}],"replies":[{"embeddable":true,"href":"https:\/\/jotape.com.ar\/index.php?rest_route=%2Fwp%2Fv2%2Fcomments&post=2691"}],"version-history":[{"count":91,"href":"https:\/\/jotape.com.ar\/index.php?rest_route=\/wp\/v2\/pages\/2691\/revisions"}],"predecessor-version":[{"id":5728,"href":"https:\/\/jotape.com.ar\/index.php?rest_route=\/wp\/v2\/pages\/2691\/revisions\/5728"}],"wp:featuredmedia":[{"embeddable":true,"href":"https:\/\/jotape.com.ar\/index.php?rest_route=\/wp\/v2\/media\/2784"}],"wp:attachment":[{"href":"https:\/\/jotape.com.ar\/index.php?rest_route=%2Fwp%2Fv2%2Fmedia&parent=2691"}],"curies":[{"name":"wp","href":"https:\/\/api.w.org\/{rel}","templated":true}]}}