{"id":33,"date":"2015-05-26T17:56:59","date_gmt":"2015-05-26T17:56:59","guid":{"rendered":"http:\/\/hakuna.com.ar\/projects\/coneau\/wordpress\/?page_id=33"},"modified":"2019-09-27T12:42:21","modified_gmt":"2019-09-27T15:42:21","slug":"evaluacion-externa","status":"publish","type":"page","link":"https:\/\/jotape.com.ar\/?page_id=33","title":{"rendered":"Evaluaci\u00f3n Externa"},"content":{"rendered":"<p style=\"text-align: justify;\">La Evaluaci\u00f3n Externa de instituciones universitarias en funcionamiento se encuentra definida en el art\u00edculo 44\u00ba de la Ley 24.521. La CONEAU tiene por funci\u00f3n llevar adelante dichas evaluaciones.<\/p>\n<p style=\"text-align: justify;\"><span id=\"x_yiv7116720243yui_3_16_0_ym19_1_1502284187045_12354\" lang=\"ES\">En\u00a0Plenario de Miembros del 31 de julio de 2017, la Comisi\u00f3n Nacional de Evaluaci\u00f3n y Acreditaci\u00f3n Universitaria ha establecido fechas\u00a0<\/span>para la presentaci\u00f3n de las\u00a0<strong>autoevaluaciones institucionales<\/strong>\u00a0y s<strong>olicitudes de evaluaciones externas<\/strong>\u00a0en los meses de\u00a0<strong>abril<\/strong>\u00a0y\u00a0<strong>octubre<\/strong>\u00a0de cada a\u00f1o, con el fin de realizar la evaluaci\u00f3n externa el semestre siguiente de la presentaci\u00f3n.<\/p>\n<p>Los <strong>expedientes\u00a0<\/strong>referidos a este tr\u00e1mite deber\u00e1n iniciarse a trav\u00e9s de la plataforma\u00a0<strong>\u201cTr\u00e1mites a Distancia\u201d (TAD)<\/strong>\u00a0del sistema de Gesti\u00f3n Documental Electr\u00f3nica (GDE), luego de la presentaci\u00f3n de SIEMI por CONEAU Global.\u00a0<span style=\"color: #3366ff;\"><strong><a style=\"color: #3366ff;\" href=\"https:\/\/www.coneau.gob.ar\/?page_id=3468\" target=\"_blank\">Click aqu\u00ed para m\u00e1s informaci\u00f3n.<\/a><\/strong><\/span><\/p>\n<p><strong><div class=\"panel panel-default\">\n                <div class=\"panel-heading\" role=\"tab\" id=\"headingOne\">\n                    <h4 class=\"panel-title\">\n                        <a data-toggle=\"collapse\" data-parent=\"#accordion-0\" href=\"#acc-2\" aria-expanded=\"true\" aria-controls=\"collapseOne\">\n                            <i class=\"fa fa-arrow-down\"><\/i> <\/strong><strong>\u00bfCu\u00e1l es la finalidad de la evaluaci\u00f3n externa?\n                        <\/a>\n                    <\/h4>\n                <\/div>\n                <div id=\"acc-2\" class=\"panel-collapse collapse \" role=\"tabpanel\" aria-labelledby=\"headingOne\">\n                    <div class=\"panel-body\"><\/strong><\/p>\n<p style=\"text-align: justify;\">Las evaluaciones tienen como principal objetivo promover en las instituciones la implementaci\u00f3n de propuestas de mejoramiento de la calidad.<\/p>\n<p style=\"text-align: justify;\">Los informes de evaluaci\u00f3n externa formulan recomendaciones de mejoramiento y tienen car\u00e1cter p\u00fablico.<\/p>\n<p><\/div>\n                <\/div>\n            <\/div><\/p>\n<p><strong><div class=\"panel panel-default\">\n                <div class=\"panel-heading\" role=\"tab\" id=\"headingOne\">\n                    <h4 class=\"panel-title\">\n                        <a data-toggle=\"collapse\" data-parent=\"#accordion-0\" href=\"#acc-3\" aria-expanded=\"true\" aria-controls=\"collapseOne\">\n                            <i class=\"fa fa-arrow-down\"><\/i> <\/strong><strong>\u00bfC\u00f3mo se realiza?\n                        <\/a>\n                    <\/h4>\n                <\/div>\n                <div id=\"acc-3\" class=\"panel-collapse collapse \" role=\"tabpanel\" aria-labelledby=\"headingOne\">\n                    <div class=\"panel-body\"><\/strong><\/p>\n<p style=\"text-align: justify;\">Consiste en el an\u00e1lisis de las caracter\u00edsticas y desarrollos de las instituciones universitarias en el marco de sus misiones y objetivos.<\/div>\n                <\/div>\n            <\/div><\/p>\n<p><strong><div class=\"panel panel-default\">\n                <div class=\"panel-heading\" role=\"tab\" id=\"headingOne\">\n                    <h4 class=\"panel-title\">\n                        <a data-toggle=\"collapse\" data-parent=\"#accordion-0\" href=\"#acc-4\" aria-expanded=\"true\" aria-controls=\"collapseOne\">\n                            <i class=\"fa fa-arrow-down\"><\/i> <\/strong><strong>\u00bfCada cu\u00e1nto se realiza?\n                        <\/a>\n                    <\/h4>\n                <\/div>\n                <div id=\"acc-4\" class=\"panel-collapse collapse \" role=\"tabpanel\" aria-labelledby=\"headingOne\">\n                    <div class=\"panel-body\"><\/strong><\/p>\n<p style=\"text-align: justify;\">Tienen lugar como m\u00ednimo cada seis (6) a\u00f1os y son complementarias de las autoevaluaciones que efect\u00faen los establecimientos para analizar sus logros y dificultades.<\/div>\n                <\/div>\n            <\/div><\/p>\n<p>&nbsp;<\/p>\n","protected":false},"excerpt":{"rendered":"<p>La Evaluaci\u00f3n Externa de instituciones universitarias en funcionamiento se encuentra definida en el art\u00edculo 44\u00ba de la Ley 24.521. La CONEAU tiene por funci\u00f3n llevar adelante dichas evaluaciones. En\u00a0Plenario de &hellip; <a href=\"https:\/\/jotape.com.ar\/?page_id=33\" class=\"more-link\">Seguir leyendo <span class=\"screen-reader-text\">Evaluaci\u00f3n Externa<\/span> <span class=\"meta-nav\">&rarr;<\/span><\/a><\/p>\n","protected":false},"author":2,"featured_media":1174,"parent":9,"menu_order":6,"comment_status":"open","ping_status":"closed","template":"template-evaluacion-externa.php","meta":{"footnotes":""},"class_list":["post-33","page","type-page","status-publish","has-post-thumbnail","hentry"],"_links":{"self":[{"href":"https:\/\/jotape.com.ar\/index.php?rest_route=\/wp\/v2\/pages\/33","targetHints":{"allow":["GET"]}}],"collection":[{"href":"https:\/\/jotape.com.ar\/index.php?rest_route=\/wp\/v2\/pages"}],"about":[{"href":"https:\/\/jotape.com.ar\/index.php?rest_route=\/wp\/v2\/types\/page"}],"author":[{"embeddable":true,"href":"https:\/\/jotape.com.ar\/index.php?rest_route=\/wp\/v2\/users\/2"}],"replies":[{"embeddable":true,"href":"https:\/\/jotape.com.ar\/index.php?rest_route=%2Fwp%2Fv2%2Fcomments&post=33"}],"version-history":[{"count":9,"href":"https:\/\/jotape.com.ar\/index.php?rest_route=\/wp\/v2\/pages\/33\/revisions"}],"predecessor-version":[{"id":5381,"href":"https:\/\/jotape.com.ar\/index.php?rest_route=\/wp\/v2\/pages\/33\/revisions\/5381"}],"up":[{"embeddable":true,"href":"https:\/\/jotape.com.ar\/index.php?rest_route=\/wp\/v2\/pages\/9"}],"wp:featuredmedia":[{"embeddable":true,"href":"https:\/\/jotape.com.ar\/index.php?rest_route=\/wp\/v2\/media\/1174"}],"wp:attachment":[{"href":"https:\/\/jotape.com.ar\/index.php?rest_route=%2Fwp%2Fv2%2Fmedia&parent=33"}],"curies":[{"name":"wp","href":"https:\/\/api.w.org\/{rel}","templated":true}]}}