{"id":3522,"date":"2017-12-14T18:01:05","date_gmt":"2017-12-14T21:01:05","guid":{"rendered":"http:\/\/www.coneau.gob.ar\/CONEAU\/?page_id=3522"},"modified":"2018-12-17T11:29:05","modified_gmt":"2018-12-17T14:29:05","slug":"tramites-a-distancia-para-evaluacion-de-sied","status":"publish","type":"page","link":"https:\/\/jotape.com.ar\/?page_id=3522","title":{"rendered":"Tr\u00e1mites a Distancia para Evaluaci\u00f3n de SIED"},"content":{"rendered":"<p style=\"text-align: justify;\">CONEAU informa que\u00a0la solicitud\u00a0de\u00a0<strong>evaluaci\u00f3n del Sistema Institucional de Educaci\u00f3n a Distancia -SIED- <\/strong>deber\u00e1<strong>\u00a0<\/strong>iniciarse a trav\u00e9s de la plataforma\u00a0<strong>\u201cTr\u00e1mites a Distancia\u201d (TAD)<\/strong>\u00a0del sistema de Gesti\u00f3n Documental Electr\u00f3nica (GDE).<\/p>\n<p style=\"text-align: justify;\"><a href=\"https:\/\/www.coneau.gob.ar\/wp-content\/uploads\/2017\/12\/infograf\u00eda-TAD-11.jpg\"><img fetchpriority=\"high\" decoding=\"async\" class=\"alignnone size-full wp-image-3774\" src=\"https:\/\/www.coneau.gob.ar\/wp-content\/uploads\/2017\/12\/infograf\u00eda-TAD-11.jpg\" alt=\"infograf\u00eda TAD (11)\" width=\"560\" height=\"397\" srcset=\"https:\/\/jotape.com.ar\/wp-content\/uploads\/2017\/12\/infograf\u00eda-TAD-11.jpg 560w, https:\/\/jotape.com.ar\/wp-content\/uploads\/2017\/12\/infograf\u00eda-TAD-11-300x213.jpg 300w\" sizes=\"(max-width: 560px) 100vw, 560px\" \/><\/a><\/p>\n<p style=\"text-align: justify;\"><strong>Para inicio y seguimiento de expedientes en TAD<\/strong><\/p>\n<p><strong><div class=\"panel panel-default\">\n                <div class=\"panel-heading\" role=\"tab\" id=\"headingOne\">\n                    <h4 class=\"panel-title\">\n                        <a data-toggle=\"collapse\" data-parent=\"#accordion-0\" href=\"#acc-2\" aria-expanded=\"true\" aria-controls=\"collapseOne\">\n                            <i class=\"fa fa-arrow-down\"><\/i> Vincular TAD a trav\u00e9s de AFIP<\/strong><strong>\n                        <\/a>\n                    <\/h4>\n                <\/div>\n                <div id=\"acc-2\" class=\"panel-collapse collapse \" role=\"tabpanel\" aria-labelledby=\"headingOne\">\n                    <div class=\"panel-body\"><\/strong><\/p>\n<p style=\"text-align: justify;\">En el caso de que la instituci\u00f3n nunca haya realizado tr\u00e1mites a distancia a trav\u00e9s de esta plataforma, seguir los pasos detallados m\u00e1s abajo.<\/p>\n<p style=\"text-align: justify;\">Si la instituci\u00f3n ya est\u00e1 vinculada a TAD, omitir estos pasos y pasar directamente a la segunda etapa: \u00abSeleccionar Tr\u00e1mites de CONEAU en TAD\u00bb<\/p>\n<p style=\"text-align: justify;\"><strong><a href=\"https:\/\/www.coneau.gob.ar\/wp-content\/uploads\/2017\/02\/drag-10.png\"><img decoding=\"async\" class=\"alignnone wp-image-2730\" src=\"https:\/\/www.coneau.gob.ar\/wp-content\/uploads\/2017\/02\/drag-10.png\" alt=\"drag-10\" width=\"25\" height=\"25\" srcset=\"https:\/\/jotape.com.ar\/wp-content\/uploads\/2017\/02\/drag-10.png 512w, https:\/\/jotape.com.ar\/wp-content\/uploads\/2017\/02\/drag-10-150x150.png 150w, https:\/\/jotape.com.ar\/wp-content\/uploads\/2017\/02\/drag-10-300x300.png 300w, https:\/\/jotape.com.ar\/wp-content\/uploads\/2017\/02\/drag-10-356x352.png 356w\" sizes=\"(max-width: 25px) 100vw, 25px\" \/><\/a>\u00a0La\u00a0instituci\u00f3n universitaria deber\u00e1 designar el\/los apoderado\/s que administrar\u00e1n los tr\u00e1mites a distancia en la plataforma.\u00a0<\/strong><\/p>\n<p><strong><a href=\"https:\/\/www.coneau.gob.ar\/wp-content\/uploads\/2017\/02\/drag-10.png\"><img decoding=\"async\" class=\"alignnone wp-image-2730\" src=\"https:\/\/www.coneau.gob.ar\/wp-content\/uploads\/2017\/02\/drag-10.png\" alt=\"drag-10\" width=\"25\" height=\"25\" srcset=\"https:\/\/jotape.com.ar\/wp-content\/uploads\/2017\/02\/drag-10.png 512w, https:\/\/jotape.com.ar\/wp-content\/uploads\/2017\/02\/drag-10-150x150.png 150w, https:\/\/jotape.com.ar\/wp-content\/uploads\/2017\/02\/drag-10-300x300.png 300w, https:\/\/jotape.com.ar\/wp-content\/uploads\/2017\/02\/drag-10-356x352.png 356w\" sizes=\"(max-width: 25px) 100vw, 25px\" \/><\/a>\u00a0El apoderado ingresar\u00e1 a TAD\u00a0con su CUIT y clave fiscal.<\/strong><\/p>\n<p><strong><a href=\"https:\/\/www.coneau.gob.ar\/wp-content\/uploads\/2017\/02\/drag-10.png\"><img decoding=\"async\" class=\"alignnone wp-image-2730\" src=\"https:\/\/www.coneau.gob.ar\/wp-content\/uploads\/2017\/02\/drag-10.png\" alt=\"drag-10\" width=\"25\" height=\"25\" srcset=\"https:\/\/jotape.com.ar\/wp-content\/uploads\/2017\/02\/drag-10.png 512w, https:\/\/jotape.com.ar\/wp-content\/uploads\/2017\/02\/drag-10-150x150.png 150w, https:\/\/jotape.com.ar\/wp-content\/uploads\/2017\/02\/drag-10-300x300.png 300w, https:\/\/jotape.com.ar\/wp-content\/uploads\/2017\/02\/drag-10-356x352.png 356w\" sizes=\"(max-width: 25px) 100vw, 25px\" \/><\/a>\u00a0Deber\u00e1 adherir el servicio de \u00abTr\u00e1mites a Distancia\u00bb, dentro de la secci\u00f3n Ministerio de Modernizaci\u00f3n. \u00a0Esta acci\u00f3n se realizar\u00e1 por \u00fanica vez.<\/strong><\/p>\n<p><strong><a href=\"https:\/\/www.coneau.gob.ar\/wp-content\/uploads\/2017\/02\/drag-10.png\"><img decoding=\"async\" class=\"alignnone wp-image-2730\" src=\"https:\/\/www.coneau.gob.ar\/wp-content\/uploads\/2017\/02\/drag-10.png\" alt=\"drag-10\" width=\"25\" height=\"25\" srcset=\"https:\/\/jotape.com.ar\/wp-content\/uploads\/2017\/02\/drag-10.png 512w, https:\/\/jotape.com.ar\/wp-content\/uploads\/2017\/02\/drag-10-150x150.png 150w, https:\/\/jotape.com.ar\/wp-content\/uploads\/2017\/02\/drag-10-300x300.png 300w, https:\/\/jotape.com.ar\/wp-content\/uploads\/2017\/02\/drag-10-356x352.png 356w\" sizes=\"(max-width: 25px) 100vw, 25px\" \/><\/a>\u00a0<\/strong>Una vez adherido el servicio, cada vez que el apoderado ingrese a TAD para gestionar los tr\u00e1mites a distancia, deber\u00e1 elegir\u00a0el CUIT de la instituci\u00f3n que lo apoder\u00f3.<\/p>\n<p><strong><a href=\"https:\/\/www.coneau.gob.ar\/wp-content\/uploads\/2017\/02\/drag-10.png\"><img decoding=\"async\" class=\"alignnone wp-image-2730\" src=\"https:\/\/www.coneau.gob.ar\/wp-content\/uploads\/2017\/02\/drag-10.png\" alt=\"drag-10\" width=\"25\" height=\"25\" srcset=\"https:\/\/jotape.com.ar\/wp-content\/uploads\/2017\/02\/drag-10.png 512w, https:\/\/jotape.com.ar\/wp-content\/uploads\/2017\/02\/drag-10-150x150.png 150w, https:\/\/jotape.com.ar\/wp-content\/uploads\/2017\/02\/drag-10-300x300.png 300w, https:\/\/jotape.com.ar\/wp-content\/uploads\/2017\/02\/drag-10-356x352.png 356w\" sizes=\"(max-width: 25px) 100vw, 25px\" \/><\/a>\u00a0<\/strong>Luego, el usuario acceder\u00e1 al\u00a0<strong>Escritorio \u00danico de Tr\u00e1mites a Distancia<\/strong>\u00a0que le permitir\u00e1 seleccionar las diferentes opciones para el inicio y seguimiento de los tr\u00e1mites.<\/p>\n<p><strong>IMPORTANTE:<\/strong>\u00a0En caso de que la instituci\u00f3n ya est\u00e9 operando con TAD, deber\u00e1 omitir estos pasos.<br \/>\n<\/div>\n                <\/div>\n            <\/div><\/p>\n<p><strong><div class=\"panel panel-default\">\n                <div class=\"panel-heading\" role=\"tab\" id=\"headingOne\">\n                    <h4 class=\"panel-title\">\n                        <a data-toggle=\"collapse\" data-parent=\"#accordion-0\" href=\"#acc-3\" aria-expanded=\"true\" aria-controls=\"collapseOne\">\n                            <i class=\"fa fa-arrow-down\"><\/i> Seleccionar tr\u00e1mites  CONEAU en TAD<\/strong><strong>\n                        <\/a>\n                    <\/h4>\n                <\/div>\n                <div id=\"acc-3\" class=\"panel-collapse collapse \" role=\"tabpanel\" aria-labelledby=\"headingOne\">\n                    <div class=\"panel-body\"><\/strong><\/p>\n<p><strong><a href=\"https:\/\/www.coneau.gob.ar\/wp-content\/uploads\/2017\/02\/drag-10.png\"><img decoding=\"async\" class=\"alignnone wp-image-2730\" src=\"https:\/\/www.coneau.gob.ar\/wp-content\/uploads\/2017\/02\/drag-10.png\" alt=\"drag-10\" width=\"25\" height=\"25\" srcset=\"https:\/\/jotape.com.ar\/wp-content\/uploads\/2017\/02\/drag-10.png 512w, https:\/\/jotape.com.ar\/wp-content\/uploads\/2017\/02\/drag-10-150x150.png 150w, https:\/\/jotape.com.ar\/wp-content\/uploads\/2017\/02\/drag-10-300x300.png 300w, https:\/\/jotape.com.ar\/wp-content\/uploads\/2017\/02\/drag-10-356x352.png 356w\" sizes=\"(max-width: 25px) 100vw, 25px\" \/><\/a>\u00a0En el Escritorio \u00danico de Tr\u00e1mites a Distancia seleccionar el buz\u00f3n \u00abNuevo Tr\u00e1mite\u00bb.<\/strong><\/p>\n<p><strong><a href=\"https:\/\/www.coneau.gob.ar\/wp-content\/uploads\/2017\/02\/drag-10.png\"><img decoding=\"async\" class=\"alignnone wp-image-2730\" src=\"https:\/\/www.coneau.gob.ar\/wp-content\/uploads\/2017\/02\/drag-10.png\" alt=\"drag-10\" width=\"25\" height=\"25\" srcset=\"https:\/\/jotape.com.ar\/wp-content\/uploads\/2017\/02\/drag-10.png 512w, https:\/\/jotape.com.ar\/wp-content\/uploads\/2017\/02\/drag-10-150x150.png 150w, https:\/\/jotape.com.ar\/wp-content\/uploads\/2017\/02\/drag-10-300x300.png 300w, https:\/\/jotape.com.ar\/wp-content\/uploads\/2017\/02\/drag-10-356x352.png 356w\" sizes=\"(max-width: 25px) 100vw, 25px\" \/><\/a>\u00a0Buscar los Tr\u00e1mites del grupo \u00abCONEAU\u00bb y elegir el tr\u00e1mite \u00abSolicitud de Evaluaci\u00f3n\u00a0 SIED\u00bb<\/strong><\/p>\n<p><strong><span style=\"color: #003366;\"><a href=\"https:\/\/www.coneau.gob.ar\/wp-content\/uploads\/2017\/02\/drag-10.png\"><img decoding=\"async\" class=\"alignnone wp-image-2730\" src=\"https:\/\/www.coneau.gob.ar\/wp-content\/uploads\/2017\/02\/drag-10.png\" alt=\"drag-10\" width=\"25\" height=\"25\" srcset=\"https:\/\/jotape.com.ar\/wp-content\/uploads\/2017\/02\/drag-10.png 512w, https:\/\/jotape.com.ar\/wp-content\/uploads\/2017\/02\/drag-10-150x150.png 150w, https:\/\/jotape.com.ar\/wp-content\/uploads\/2017\/02\/drag-10-300x300.png 300w, https:\/\/jotape.com.ar\/wp-content\/uploads\/2017\/02\/drag-10-356x352.png 356w\" sizes=\"(max-width: 25px) 100vw, 25px\" \/><\/a>\u00a0Completar formulario con datos del solicitante.<\/span><\/strong><\/p>\n<p><strong><span style=\"color: #003366;\"><a href=\"https:\/\/www.coneau.gob.ar\/wp-content\/uploads\/2017\/02\/drag-10.png\"><img decoding=\"async\" class=\"alignnone wp-image-2730\" src=\"https:\/\/www.coneau.gob.ar\/wp-content\/uploads\/2017\/02\/drag-10.png\" alt=\"drag-10\" width=\"25\" height=\"25\" srcset=\"https:\/\/jotape.com.ar\/wp-content\/uploads\/2017\/02\/drag-10.png 512w, https:\/\/jotape.com.ar\/wp-content\/uploads\/2017\/02\/drag-10-150x150.png 150w, https:\/\/jotape.com.ar\/wp-content\/uploads\/2017\/02\/drag-10-300x300.png 300w, https:\/\/jotape.com.ar\/wp-content\/uploads\/2017\/02\/drag-10-356x352.png 356w\" sizes=\"(max-width: 25px) 100vw, 25px\" \/><\/a>\u00a0Adjuntar documentaci\u00f3n obligatoria.<\/span><\/strong><\/p>\n<p><span style=\"color: #000000;\"><strong>. Nota\u00a0de solicitud de Evaluaci\u00f3n del SIED por parte del\u00a0<\/strong><\/span><strong>Rector o Presidente de la instituci\u00f3n.<\/strong><\/p>\n<p><strong><span style=\"color: #003366;\"><a href=\"https:\/\/www.coneau.gob.ar\/wp-content\/uploads\/2017\/02\/drag-10.png\"><img decoding=\"async\" class=\"alignnone wp-image-2730\" src=\"https:\/\/www.coneau.gob.ar\/wp-content\/uploads\/2017\/02\/drag-10.png\" alt=\"drag-10\" width=\"25\" height=\"25\" srcset=\"https:\/\/jotape.com.ar\/wp-content\/uploads\/2017\/02\/drag-10.png 512w, https:\/\/jotape.com.ar\/wp-content\/uploads\/2017\/02\/drag-10-150x150.png 150w, https:\/\/jotape.com.ar\/wp-content\/uploads\/2017\/02\/drag-10-300x300.png 300w, https:\/\/jotape.com.ar\/wp-content\/uploads\/2017\/02\/drag-10-356x352.png 356w\" sizes=\"(max-width: 25px) 100vw, 25px\" \/><\/a>\u00a0Confirmar el tr\u00e1mite: se observar\u00e1 un Resumen de Operaci\u00f3n con el n\u00famero de expediente generado.<\/span><\/strong><br \/>\n<\/div>\n                <\/div>\n            <\/div><\/p>\n<p><strong><div class=\"panel panel-default\">\n                <div class=\"panel-heading\" role=\"tab\" id=\"headingOne\">\n                    <h4 class=\"panel-title\">\n                        <a data-toggle=\"collapse\" data-parent=\"#accordion-0\" href=\"#acc-4\" aria-expanded=\"true\" aria-controls=\"collapseOne\">\n                            <i class=\"fa fa-arrow-down\"><\/i> Seguir expedientes a trav\u00e9s de Escritorio \u00danico de Tr\u00e1mites a Distancia<\/strong><strong>\n                        <\/a>\n                    <\/h4>\n                <\/div>\n                <div id=\"acc-4\" class=\"panel-collapse collapse \" role=\"tabpanel\" aria-labelledby=\"headingOne\">\n                    <div class=\"panel-body\"><\/strong><\/p>\n<p><strong><a href=\"https:\/\/www.coneau.gob.ar\/wp-content\/uploads\/2017\/02\/drag-10.png\"><img decoding=\"async\" class=\"alignnone wp-image-2730\" src=\"https:\/\/www.coneau.gob.ar\/wp-content\/uploads\/2017\/02\/drag-10.png\" alt=\"drag-10\" width=\"25\" height=\"25\" srcset=\"https:\/\/jotape.com.ar\/wp-content\/uploads\/2017\/02\/drag-10.png 512w, https:\/\/jotape.com.ar\/wp-content\/uploads\/2017\/02\/drag-10-150x150.png 150w, https:\/\/jotape.com.ar\/wp-content\/uploads\/2017\/02\/drag-10-300x300.png 300w, https:\/\/jotape.com.ar\/wp-content\/uploads\/2017\/02\/drag-10-356x352.png 356w\" sizes=\"(max-width: 25px) 100vw, 25px\" \/><\/a>\u00a0<\/strong>En<strong>\u00a0\u00abMis Tr\u00e1mites\u00bb<\/strong>\u00a0el usuario podr\u00e1 consultar todos sus tr\u00e1mites en la plataforma (borrados, en curso y finalizados).<\/p>\n<p><strong><a href=\"https:\/\/www.coneau.gob.ar\/wp-content\/uploads\/2017\/02\/drag-10.png\"><img decoding=\"async\" class=\"alignnone wp-image-2730\" src=\"https:\/\/www.coneau.gob.ar\/wp-content\/uploads\/2017\/02\/drag-10.png\" alt=\"drag-10\" width=\"25\" height=\"25\" srcset=\"https:\/\/jotape.com.ar\/wp-content\/uploads\/2017\/02\/drag-10.png 512w, https:\/\/jotape.com.ar\/wp-content\/uploads\/2017\/02\/drag-10-150x150.png 150w, https:\/\/jotape.com.ar\/wp-content\/uploads\/2017\/02\/drag-10-300x300.png 300w, https:\/\/jotape.com.ar\/wp-content\/uploads\/2017\/02\/drag-10-356x352.png 356w\" sizes=\"(max-width: 25px) 100vw, 25px\" \/><\/a>\u00a0<\/strong>En\u00a0<strong>\u00abMis Tareas\u00bb<\/strong>\u00a0el usuario podr\u00e1 realizar las correcciones necesarias sobre los\u00a0tr\u00e1mites en curso.<\/p>\n<p><strong><a href=\"https:\/\/www.coneau.gob.ar\/wp-content\/uploads\/2017\/02\/drag-10.png\"><img decoding=\"async\" class=\"alignnone wp-image-2730\" src=\"https:\/\/www.coneau.gob.ar\/wp-content\/uploads\/2017\/02\/drag-10.png\" alt=\"drag-10\" width=\"25\" height=\"25\" srcset=\"https:\/\/jotape.com.ar\/wp-content\/uploads\/2017\/02\/drag-10.png 512w, https:\/\/jotape.com.ar\/wp-content\/uploads\/2017\/02\/drag-10-150x150.png 150w, https:\/\/jotape.com.ar\/wp-content\/uploads\/2017\/02\/drag-10-300x300.png 300w, https:\/\/jotape.com.ar\/wp-content\/uploads\/2017\/02\/drag-10-356x352.png 356w\" sizes=\"(max-width: 25px) 100vw, 25px\" \/><\/a>\u00a0<\/strong>En\u00a0<strong>\u00abMis Notificaciones\u00bb<\/strong>\u00a0el usuario recibir\u00e1 notificaciones \u00a0respecto a los tr\u00e1mites en curso.<\/p>\n<p>El\u00a0resto de las opciones de seguimiento podr\u00e1 consultarlas en el manual de usuario.<\/p>\n<p><\/div>\n                <\/div>\n            <\/div><\/p>\n<div class=\"panel panel-default\"><\/div>\n<div class=\"panel panel-default\"><\/div>\n","protected":false},"excerpt":{"rendered":"<p>CONEAU informa que\u00a0la solicitud\u00a0de\u00a0evaluaci\u00f3n del Sistema Institucional de Educaci\u00f3n a Distancia -SIED- deber\u00e1\u00a0iniciarse a trav\u00e9s de la plataforma\u00a0\u201cTr\u00e1mites a Distancia\u201d (TAD)\u00a0del sistema de Gesti\u00f3n Documental Electr\u00f3nica (GDE). Para inicio y &hellip; <a href=\"https:\/\/jotape.com.ar\/?page_id=3522\" class=\"more-link\">Seguir leyendo <span class=\"screen-reader-text\">Tr\u00e1mites a Distancia para Evaluaci\u00f3n de SIED<\/span> <span class=\"meta-nav\">&rarr;<\/span><\/a><\/p>\n","protected":false},"author":2,"featured_media":3127,"parent":0,"menu_order":0,"comment_status":"open","ping_status":"closed","template":"template-evaluacion-institucional.php","meta":{"footnotes":""},"class_list":["post-3522","page","type-page","status-publish","has-post-thumbnail","hentry"],"_links":{"self":[{"href":"https:\/\/jotape.com.ar\/index.php?rest_route=\/wp\/v2\/pages\/3522","targetHints":{"allow":["GET"]}}],"collection":[{"href":"https:\/\/jotape.com.ar\/index.php?rest_route=\/wp\/v2\/pages"}],"about":[{"href":"https:\/\/jotape.com.ar\/index.php?rest_route=\/wp\/v2\/types\/page"}],"author":[{"embeddable":true,"href":"https:\/\/jotape.com.ar\/index.php?rest_route=\/wp\/v2\/users\/2"}],"replies":[{"embeddable":true,"href":"https:\/\/jotape.com.ar\/index.php?rest_route=%2Fwp%2Fv2%2Fcomments&post=3522"}],"version-history":[{"count":15,"href":"https:\/\/jotape.com.ar\/index.php?rest_route=\/wp\/v2\/pages\/3522\/revisions"}],"predecessor-version":[{"id":4698,"href":"https:\/\/jotape.com.ar\/index.php?rest_route=\/wp\/v2\/pages\/3522\/revisions\/4698"}],"wp:featuredmedia":[{"embeddable":true,"href":"https:\/\/jotape.com.ar\/index.php?rest_route=\/wp\/v2\/media\/3127"}],"wp:attachment":[{"href":"https:\/\/jotape.com.ar\/index.php?rest_route=%2Fwp%2Fv2%2Fmedia&parent=3522"}],"curies":[{"name":"wp","href":"https:\/\/api.w.org\/{rel}","templated":true}]}}