{"id":3525,"date":"2017-12-14T17:49:25","date_gmt":"2017-12-14T20:49:25","guid":{"rendered":"http:\/\/www.coneau.gob.ar\/CONEAU\/?page_id=3525"},"modified":"2023-12-18T15:21:27","modified_gmt":"2023-12-18T18:21:27","slug":"sistema-institucional-de-educacion-a-distancia-sied","status":"publish","type":"page","link":"https:\/\/jotape.com.ar\/?page_id=3525","title":{"rendered":"Sistema Institucional de Educaci\u00f3n a Distancia (SIED)"},"content":{"rendered":"<p><span style=\"color: #7f7f7f; font-family: open_sanslight,serif; font-size: medium;\">La CONEAU lleva a cabo la evaluaci\u00f3n de los Sistemas Institucionales de Educaci\u00f3n a Distancia (SIED), los cuales deben ser presentados por las instituciones universitarias que hayan incorporado o planeen incorporar carreras con modalidad a distancia, o carreras presenciales que incluyan entre el 30% y el 50% de sus horas en formatos a distancia. Esta evaluaci\u00f3n constituye la etapa previa a la emisi\u00f3n de la correspondiente resoluci\u00f3n de validaci\u00f3n del SIED por parte de la Secretar\u00eda de Pol\u00edticas Universitarias (<a href=\"https:\/\/www.coneau.gob.ar\/coneau\/wp-content\/uploads\/2017\/12\/RM-4389-17.pdf\" target=\"_blank\" rel=\"noopener\">Resoluci\u00f3n Ministerial <\/a><a href=\"https:\/\/www.coneau.gob.ar\/coneau\/wp-content\/uploads\/2023\/12\/Resolucion-2599-2023.pdf\">N\u00ba<\/a><a href=\"https:\/\/www.coneau.gob.ar\/coneau\/wp-content\/uploads\/2017\/12\/RM-4389-17.pdf\" target=\"_blank\" rel=\"noopener\">4389\/17<\/a>).<\/span><\/p>\n<p>En el a\u00f1o 2023, se emiti\u00f3 la <a href=\"https:\/\/www.coneau.gob.ar\/coneau\/wp-content\/uploads\/2023\/12\/Resolucion-2599-2023.pdf\"><strong>Resoluci\u00f3n Ministerial N\u00ba2599\/23<\/strong><\/a> que aprueba el nuevo reglamento sobre la modalidad a distancia y que deroga la<strong><a href=\"https:\/\/www.coneau.gob.ar\/archivos\/resoluciones\/RM2641_2017.pdf\"> Res. N\u00ba2641\/17.\u00a0<\/a><\/strong><\/p>\n<h4><strong>Convocatoria 2023<br \/>\n<\/strong><\/h4>\n<div>\n<p><strong>Esta convocatoria se dirige a aquellas instituciones universitarias que no cuentan con una validaci\u00f3n previa de su SIED en el marco de convocatorias anteriores.<\/strong><\/p>\n<\/div>\n<p><span style=\"color: #298af2;\"><strong><a href=\"https:\/\/www.coneau.gob.ar\/archivos\/resoluciones\/RS-2022-133571868-APN-CONEAU-ME.pdf\">RESFC-2020-144-APN-CONEAU#ME<\/a> | <\/strong>Resoluci\u00f3n CONEAU Cuarta Convocatoria Evaluaci\u00f3n de SIED<\/span><\/p>\n<p><strong><a href=\"https:\/\/www.coneau.gob.ar\/archivos\/ordenanzas\/Orde72.pdf\">\u00a0Ordenanza CONEAU 72\/21 | <\/a><\/strong><a href=\"https:\/\/www.coneau.gob.ar\/archivos\/ordenanzas\/Orde72-anexo.pdf\">Anexo<\/a><\/p>\n<p><span style=\"color: #000000;\"><span style=\"color: #0000ff;\"><span style=\"color: #298af2;\">\u2666\u00a0<\/span><strong><span style=\"color: #298af2;\">Formalizaci\u00f3n: <\/span><\/strong><span style=\"color: #000000;\">desde el 6 al 10 de marzo <\/span><\/span>a trav\u00e9s del aplicativo SIED de\u00a0 <a style=\"color: #000000;\" href=\"https:\/\/global.coneau.gob.ar\/coneauglobal\/\" target=\"_blank\" rel=\"noopener noreferrer\">CONEAU Global.\u00a0<\/a><\/span><\/p>\n<p><span style=\"color: #000000;\"><span style=\"color: #298af2;\">\u2666\u00a0<\/span><strong><span style=\"color: #298af2;\">Taller preparatorio virtual:\u00a0 <\/span><\/strong>semana del 13 de marzo de 2023.<\/span><\/p>\n<p><span style=\"color: #000000;\"><span style=\"color: #298af2;\">\u2666 <\/span><strong><span style=\"color: #298af2;\">Carga de la informaci\u00f3n solicitada en CONEAU Global: <\/span><\/strong>entre el 13 de marzo y el 12 de mayo de 2023.<\/span><\/p>\n<p><span style=\"color: #298af2;\">\u2666 <strong>Fecha l\u00edmite para la presentaci\u00f3n del formulario<\/strong><\/span><strong><span style=\"color: #298af2;\"><strong>: <\/strong><\/span><\/strong><span style=\"color: #298af2;\"><span style=\"color: #000000;\">12 de mayo de 2023.<\/span><\/span><\/p>\n<hr \/>\n<p><strong><span style=\"color: #000000;\">Convocatoria 2020<\/span><\/strong><\/p>\n<p><span style=\"color: #298af2;\"><strong><a style=\"color: #298af2;\" href=\"http:\/\/www.coneau.gob.ar\/archivos\/resoluciones\/RS-2020-37419017-APN-CONEAU-ME.pdf\" target=\"_blank\" rel=\"noopener noreferrer\">RESFC-2020-144-APN-CONEAU#ME<\/a> | Resoluci\u00f3n CONEAU Tercera Convocatoria Evaluaci\u00f3n de SIED<\/strong><\/span><\/p>\n<p><span style=\"color: #008000;\"><a style=\"color: #008000;\" href=\"https:\/\/www.coneau.gob.ar\/archivos\/publicaciones\/PresentacionTallerConvocatoriaSIED2020.pdf\" target=\"_blank\" rel=\"noopener noreferrer\"><strong>\u21d3 Descargar presentaci\u00f3n <\/strong><\/a><strong>del taller virtual\u00a0<\/strong><\/span><\/p>\n<hr \/>\n<p><strong><span style=\"color: #000000;\">Convocatoria 2019\u00a0<\/span><\/strong><\/p>\n<p><a href=\"https:\/\/www.coneau.gob.ar\/wp-content\/uploads\/2017\/12\/RS-2018-61442666-APN-CONEAU%MECCYT-Convocatoria-2019.pdf\" target=\"_blank\" rel=\"noopener noreferrer\"><strong>RESFC-2018-152-APN-CONEAU#MECCYT\u00a0CONVOCATORIA 2019 de Evaluaci\u00f3n de los Sistemas Institucionales de\u00a0<\/strong><strong>Educaci\u00f3n a Distancia\u00a0(SIED)<\/strong><\/a><\/p>\n<hr \/>\n<p style=\"text-align: justify;\"><strong><span style=\"color: #000000;\">Convocatoria 2018<\/span><\/strong><\/p>\n<p><strong><a href=\"https:\/\/www.coneau.gob.ar\/archivos\/resoluciones\/RS-2017-33551798-APN-CONEAU-ME.pdf\" target=\"_blank\" rel=\"noopener noreferrer\">RESFC-2017-546-APN-CONEAU#ME\u00a0\u00a0Convocatoria para la\u00a0evaluaci\u00f3n de SIED<\/a><\/strong><\/p>\n<p><strong><a href=\"https:\/\/www.coneau.gob.ar\/archivos\/resoluciones\/ResProcedimientosSIED.pdf\" target=\"_blank\" rel=\"noopener noreferrer\">RESFC-2018-14-APN-CONEAU#ME\u00a0\u00a0Procedimientos para la evaluaci\u00f3n de los SIED<\/a>\u00a0| <a href=\"https:\/\/www.coneau.gob.ar\/archivos\/resoluciones\/ANEXOResProcedimientosSIED.pdf\" target=\"_blank\" rel=\"noopener noreferrer\">Anexo<\/a><\/strong><\/p>\n","protected":false},"excerpt":{"rendered":"<p>La CONEAU lleva a cabo la evaluaci\u00f3n de los Sistemas Institucionales de Educaci\u00f3n a Distancia (SIED), los cuales deben ser presentados por las instituciones universitarias que hayan incorporado o planeen &hellip; <a href=\"https:\/\/jotape.com.ar\/?page_id=3525\" class=\"more-link\">Seguir leyendo <span class=\"screen-reader-text\">Sistema Institucional de Educaci\u00f3n a Distancia (SIED)<\/span> <span class=\"meta-nav\">&rarr;<\/span><\/a><\/p>\n","protected":false},"author":2,"featured_media":3585,"parent":0,"menu_order":0,"comment_status":"open","ping_status":"closed","template":"template-evaluacion-institucional.php","meta":{"footnotes":""},"class_list":["post-3525","page","type-page","status-publish","has-post-thumbnail","hentry"],"_links":{"self":[{"href":"https:\/\/jotape.com.ar\/index.php?rest_route=\/wp\/v2\/pages\/3525","targetHints":{"allow":["GET"]}}],"collection":[{"href":"https:\/\/jotape.com.ar\/index.php?rest_route=\/wp\/v2\/pages"}],"about":[{"href":"https:\/\/jotape.com.ar\/index.php?rest_route=\/wp\/v2\/types\/page"}],"author":[{"embeddable":true,"href":"https:\/\/jotape.com.ar\/index.php?rest_route=\/wp\/v2\/users\/2"}],"replies":[{"embeddable":true,"href":"https:\/\/jotape.com.ar\/index.php?rest_route=%2Fwp%2Fv2%2Fcomments&post=3525"}],"version-history":[{"count":82,"href":"https:\/\/jotape.com.ar\/index.php?rest_route=\/wp\/v2\/pages\/3525\/revisions"}],"predecessor-version":[{"id":10777,"href":"https:\/\/jotape.com.ar\/index.php?rest_route=\/wp\/v2\/pages\/3525\/revisions\/10777"}],"wp:featuredmedia":[{"embeddable":true,"href":"https:\/\/jotape.com.ar\/index.php?rest_route=\/wp\/v2\/media\/3585"}],"wp:attachment":[{"href":"https:\/\/jotape.com.ar\/index.php?rest_route=%2Fwp%2Fv2%2Fmedia&parent=3525"}],"curies":[{"name":"wp","href":"https:\/\/api.w.org\/{rel}","templated":true}]}}