{"id":4259,"date":"2018-08-06T11:27:58","date_gmt":"2018-08-06T14:27:58","guid":{"rendered":"http:\/\/www.coneau.gob.ar\/CONEAU\/?page_id=4259"},"modified":"2019-02-08T16:23:26","modified_gmt":"2019-02-08T19:23:26","slug":"regiones","status":"publish","type":"page","link":"https:\/\/jotape.com.ar\/?page_id=4259","title":{"rendered":"Regiones"},"content":{"rendered":"<p>El gr\u00e1fico muestra la cantidad de participantes de los cursos seg\u00fan el CPRES al que pertenece la instituci\u00f3n en representaci\u00f3n.<\/p>\n<p><a href=\"https:\/\/www.coneau.gob.ar\/wp-content\/uploads\/2018\/08\/Grafico-participantes-por-CPRES_CONEAU-2018.png\"><img fetchpriority=\"high\" decoding=\"async\" class=\"alignnone wp-image-4234\" src=\"https:\/\/www.coneau.gob.ar\/wp-content\/uploads\/2018\/08\/Grafico-participantes-por-CPRES_CONEAU-2018.png\" alt=\"Grafico participantes por CPRES_CONEAU 2018\" width=\"500\" height=\"223\" srcset=\"https:\/\/jotape.com.ar\/wp-content\/uploads\/2018\/08\/Grafico-participantes-por-CPRES_CONEAU-2018.png 1007w, https:\/\/jotape.com.ar\/wp-content\/uploads\/2018\/08\/Grafico-participantes-por-CPRES_CONEAU-2018-300x134.png 300w\" sizes=\"(max-width: 500px) 100vw, 500px\" \/><\/a><\/p>\n","protected":false},"excerpt":{"rendered":"<p>El gr\u00e1fico muestra la cantidad de participantes de los cursos seg\u00fan el CPRES al que pertenece la instituci\u00f3n en representaci\u00f3n.<\/p>\n","protected":false},"author":2,"featured_media":4106,"parent":0,"menu_order":0,"comment_status":"open","ping_status":"closed","template":"template-formaciones.php","meta":{"footnotes":""},"class_list":["post-4259","page","type-page","status-publish","has-post-thumbnail","hentry"],"_links":{"self":[{"href":"https:\/\/jotape.com.ar\/index.php?rest_route=\/wp\/v2\/pages\/4259","targetHints":{"allow":["GET"]}}],"collection":[{"href":"https:\/\/jotape.com.ar\/index.php?rest_route=\/wp\/v2\/pages"}],"about":[{"href":"https:\/\/jotape.com.ar\/index.php?rest_route=\/wp\/v2\/types\/page"}],"author":[{"embeddable":true,"href":"https:\/\/jotape.com.ar\/index.php?rest_route=\/wp\/v2\/users\/2"}],"replies":[{"embeddable":true,"href":"https:\/\/jotape.com.ar\/index.php?rest_route=%2Fwp%2Fv2%2Fcomments&post=4259"}],"version-history":[{"count":2,"href":"https:\/\/jotape.com.ar\/index.php?rest_route=\/wp\/v2\/pages\/4259\/revisions"}],"predecessor-version":[{"id":4786,"href":"https:\/\/jotape.com.ar\/index.php?rest_route=\/wp\/v2\/pages\/4259\/revisions\/4786"}],"wp:featuredmedia":[{"embeddable":true,"href":"https:\/\/jotape.com.ar\/index.php?rest_route=\/wp\/v2\/media\/4106"}],"wp:attachment":[{"href":"https:\/\/jotape.com.ar\/index.php?rest_route=%2Fwp%2Fv2%2Fmedia&parent=4259"}],"curies":[{"name":"wp","href":"https:\/\/api.w.org\/{rel}","templated":true}]}}