{"id":4400,"date":"2018-09-24T13:46:32","date_gmt":"2018-09-24T16:46:32","guid":{"rendered":"http:\/\/www.coneau.gob.ar\/CONEAU\/?page_id=4400"},"modified":"2019-02-08T15:59:59","modified_gmt":"2019-02-08T18:59:59","slug":"implementacion-de-tad","status":"publish","type":"page","link":"https:\/\/jotape.com.ar\/?page_id=4400","title":{"rendered":"Implementaci\u00f3n de TAD"},"content":{"rendered":"<p style=\"text-align: justify;\"><strong>CONEAU informa que las instituciones universitarias deber\u00e1n utilizar la plataforma Tr\u00e1mites a Distancia -TAD- (del sistema de Gesti\u00f3n Documental Electr\u00f3nica GDE) para la apertura y seguimiento de expedientes vinculados a Evaluaci\u00f3n Institucional y Acreditaci\u00f3n de Carreras.<\/strong><\/p>\n<p style=\"text-align: justify;\"><a href=\"https:\/\/www.coneau.gob.ar\/wp-content\/uploads\/2017\/02\/infograf\u00eda-TAD-2-e1487701159663.png\"><img fetchpriority=\"high\" decoding=\"async\" class=\"alignnone size-full wp-image-2712\" src=\"https:\/\/www.coneau.gob.ar\/wp-content\/uploads\/2017\/02\/infograf\u00eda-TAD-2-e1487701159663.png\" alt=\"infograf\u00eda TAD (2)\" width=\"560\" height=\"230\" srcset=\"https:\/\/jotape.com.ar\/wp-content\/uploads\/2017\/02\/infograf\u00eda-TAD-2-e1487701159663.png 560w, https:\/\/jotape.com.ar\/wp-content\/uploads\/2017\/02\/infograf\u00eda-TAD-2-e1487701159663-300x123.png 300w\" sizes=\"(max-width: 560px) 100vw, 560px\" \/><\/a><\/p>\n<p style=\"text-align: justify;\"><a href=\"https:\/\/www.coneau.gob.ar\/wp-content\/uploads\/2018\/09\/Infograf\u00eda-TAD-CONEAU.jpg\"><img decoding=\"async\" class=\" size-full wp-image-4401 aligncenter\" src=\"https:\/\/www.coneau.gob.ar\/wp-content\/uploads\/2018\/09\/Infograf\u00eda-TAD-CONEAU.jpg\" alt=\"Infograf\u00eda TAD CONEAU\" width=\"559\" height=\"248\" srcset=\"https:\/\/jotape.com.ar\/wp-content\/uploads\/2018\/09\/Infograf\u00eda-TAD-CONEAU.jpg 559w, https:\/\/jotape.com.ar\/wp-content\/uploads\/2018\/09\/Infograf\u00eda-TAD-CONEAU-300x133.jpg 300w\" sizes=\"(max-width: 559px) 100vw, 559px\" \/><\/a><\/p>\n<p style=\"text-align: justify;\"><a href=\"https:\/\/www.coneau.gob.ar\/?page_id=3468\"><img decoding=\"async\" class=\"alignnone wp-image-4403 size-full\" src=\"https:\/\/www.coneau.gob.ar\/wp-content\/uploads\/2018\/09\/Bot\u00f3n-TAD-EE.jpg\" alt=\"Bot\u00f3n TAD EE\" width=\"561\" height=\"50\" srcset=\"https:\/\/jotape.com.ar\/wp-content\/uploads\/2018\/09\/Bot\u00f3n-TAD-EE.jpg 561w, https:\/\/jotape.com.ar\/wp-content\/uploads\/2018\/09\/Bot\u00f3n-TAD-EE-300x27.jpg 300w\" sizes=\"(max-width: 561px) 100vw, 561px\" \/><\/a><\/p>\n<p style=\"text-align: justify;\"><a href=\"https:\/\/www.coneau.gob.ar\/?page_id=3522\"><img loading=\"lazy\" decoding=\"async\" class=\"alignnone wp-image-4405 size-full\" src=\"https:\/\/www.coneau.gob.ar\/wp-content\/uploads\/2018\/09\/Bot\u00f3n-TAD-Para-SIED.jpg\" alt=\"Bot\u00f3n TAD Para SIED\" width=\"560\" height=\"52\" srcset=\"https:\/\/jotape.com.ar\/wp-content\/uploads\/2018\/09\/Bot\u00f3n-TAD-Para-SIED.jpg 560w, https:\/\/jotape.com.ar\/wp-content\/uploads\/2018\/09\/Bot\u00f3n-TAD-Para-SIED-300x28.jpg 300w\" sizes=\"(max-width: 560px) 100vw, 560px\" \/><\/a><\/p>\n<p style=\"text-align: justify;\"><a href=\"https:\/\/www.coneau.gob.ar\/?page_id=2691\" target=\"_blank\" rel=\"https:\/\/www.coneau.gob.ar\/?page_id=2691\"><img loading=\"lazy\" decoding=\"async\" class=\"https:\/\/www.coneau.gob.ar\/?page_id=2691 alignnone wp-image-4406 size-full\" src=\"https:\/\/www.coneau.gob.ar\/wp-content\/uploads\/2018\/09\/Bot\u00f3n-TAD-para-ROgrado.jpg\" alt=\"Bot\u00f3n TAD para ROgrado\" width=\"561\" height=\"49\" srcset=\"https:\/\/jotape.com.ar\/wp-content\/uploads\/2018\/09\/Bot\u00f3n-TAD-para-ROgrado.jpg 561w, https:\/\/jotape.com.ar\/wp-content\/uploads\/2018\/09\/Bot\u00f3n-TAD-para-ROgrado-300x26.jpg 300w\" sizes=\"(max-width: 561px) 100vw, 561px\" \/><\/a><\/p>\n<p style=\"text-align: justify;\"><a href=\"https:\/\/www.coneau.gob.ar\/?page_id=2691\"><img loading=\"lazy\" decoding=\"async\" class=\"alignnone wp-image-4410 size-full\" src=\"https:\/\/www.coneau.gob.ar\/wp-content\/uploads\/2018\/09\/Bot\u00f3n-TAD-Grado.jpg\" alt=\"Bot\u00f3n TAD Grado\" width=\"560\" height=\"49\" srcset=\"https:\/\/jotape.com.ar\/wp-content\/uploads\/2018\/09\/Bot\u00f3n-TAD-Grado.jpg 560w, https:\/\/jotape.com.ar\/wp-content\/uploads\/2018\/09\/Bot\u00f3n-TAD-Grado-300x26.jpg 300w\" sizes=\"(max-width: 560px) 100vw, 560px\" \/><\/a><\/p>\n<p style=\"text-align: justify;\"><a href=\"https:\/\/www.coneau.gob.ar\/?page_id=2691\"><img loading=\"lazy\" decoding=\"async\" class=\"alignnone wp-image-4411 size-full\" src=\"https:\/\/www.coneau.gob.ar\/wp-content\/uploads\/2018\/09\/Bot\u00f3n-TAD-ROposgrado.jpg\" alt=\"Bot\u00f3n TAD ROposgrado\" width=\"561\" height=\"49\" srcset=\"https:\/\/jotape.com.ar\/wp-content\/uploads\/2018\/09\/Bot\u00f3n-TAD-ROposgrado.jpg 561w, https:\/\/jotape.com.ar\/wp-content\/uploads\/2018\/09\/Bot\u00f3n-TAD-ROposgrado-300x26.jpg 300w\" sizes=\"(max-width: 561px) 100vw, 561px\" \/><\/a><\/p>\n<p style=\"text-align: justify;\"><a href=\"https:\/\/www.coneau.gob.ar\/?page_id=2691\"><img loading=\"lazy\" decoding=\"async\" class=\"alignnone wp-image-4412 size-full\" src=\"https:\/\/www.coneau.gob.ar\/wp-content\/uploads\/2018\/09\/Bot\u00f3n-TAD-posgrado.jpg\" alt=\"Bot\u00f3n TAD posgrado\" width=\"561\" height=\"50\" srcset=\"https:\/\/jotape.com.ar\/wp-content\/uploads\/2018\/09\/Bot\u00f3n-TAD-posgrado.jpg 561w, https:\/\/jotape.com.ar\/wp-content\/uploads\/2018\/09\/Bot\u00f3n-TAD-posgrado-300x27.jpg 300w\" sizes=\"(max-width: 561px) 100vw, 561px\" \/><\/a><\/p>\n<p style=\"text-align: justify;\">\n","protected":false},"excerpt":{"rendered":"<p>CONEAU informa que las instituciones universitarias deber\u00e1n utilizar la plataforma Tr\u00e1mites a Distancia -TAD- (del sistema de Gesti\u00f3n Documental Electr\u00f3nica GDE) para la apertura y seguimiento de expedientes vinculados a &hellip; <a href=\"https:\/\/jotape.com.ar\/?page_id=4400\" class=\"more-link\">Seguir leyendo <span class=\"screen-reader-text\">Implementaci\u00f3n de TAD<\/span> <span class=\"meta-nav\">&rarr;<\/span><\/a><\/p>\n","protected":false},"author":2,"featured_media":3585,"parent":0,"menu_order":0,"comment_status":"open","ping_status":"closed","template":"","meta":{"footnotes":""},"class_list":["post-4400","page","type-page","status-publish","has-post-thumbnail","hentry"],"_links":{"self":[{"href":"https:\/\/jotape.com.ar\/index.php?rest_route=\/wp\/v2\/pages\/4400","targetHints":{"allow":["GET"]}}],"collection":[{"href":"https:\/\/jotape.com.ar\/index.php?rest_route=\/wp\/v2\/pages"}],"about":[{"href":"https:\/\/jotape.com.ar\/index.php?rest_route=\/wp\/v2\/types\/page"}],"author":[{"embeddable":true,"href":"https:\/\/jotape.com.ar\/index.php?rest_route=\/wp\/v2\/users\/2"}],"replies":[{"embeddable":true,"href":"https:\/\/jotape.com.ar\/index.php?rest_route=%2Fwp%2Fv2%2Fcomments&post=4400"}],"version-history":[{"count":10,"href":"https:\/\/jotape.com.ar\/index.php?rest_route=\/wp\/v2\/pages\/4400\/revisions"}],"predecessor-version":[{"id":4776,"href":"https:\/\/jotape.com.ar\/index.php?rest_route=\/wp\/v2\/pages\/4400\/revisions\/4776"}],"wp:featuredmedia":[{"embeddable":true,"href":"https:\/\/jotape.com.ar\/index.php?rest_route=\/wp\/v2\/media\/3585"}],"wp:attachment":[{"href":"https:\/\/jotape.com.ar\/index.php?rest_route=%2Fwp%2Fv2%2Fmedia&parent=4400"}],"curies":[{"name":"wp","href":"https:\/\/api.w.org\/{rel}","templated":true}]}}