{"id":444,"date":"2015-06-26T17:52:57","date_gmt":"2015-06-26T17:52:57","guid":{"rendered":"http:\/\/hakuna.com.ar\/projects\/coneau\/wordpress\/?page_id=444"},"modified":"2023-04-14T14:16:52","modified_gmt":"2023-04-14T17:16:52","slug":"impactodelaacreditacion","status":"publish","type":"page","link":"https:\/\/jotape.com.ar\/?page_id=444","title":{"rendered":"Estudios sobre la calidad de las carreras de grado de inter\u00e9s p\u00fablico"},"content":{"rendered":"<p>En el a\u00f1o 2014 se inaugur\u00f3 una nueva colecci\u00f3n bibliogr\u00e1fica, referida al impacto de la acreditaci\u00f3n en la calidad educativa. Con este lanzamiento, se pretende dar a conocer la mejora en la calidad educativa de las carreras de grado declaradas de inter\u00e9s p\u00fablico, previsto en el inciso b del art\u00edculo 43\u00ba de la Ley de Educaci\u00f3n Superior (LES), y que han participado en el proceso de acreditaci\u00f3n.<\/p>\n<p>El volumen inaugural&nbsp;<em>Acreditaci\u00f3n de carreras de grado AGRONOM\u00cdA. Impacto en la calidad educativa<\/em>, aborda el proceso de acreditaci\u00f3n de todas las carreras evaluadas, dentro de la Rep\u00fablica Argentina, de Ingenier\u00eda Agron\u00f3mica, incorporando adem\u00e1s un panorama general de dichas carreras, en cuanto a su historia y su distribuci\u00f3n en las diversas \u00e1reas geogr\u00e1ficas del pa\u00eds.<\/p>\n<p>Esta colecci\u00f3n ir\u00e1 incorporando progresivamente estudios de impacto acerca de todas las titulaciones comprendidas dentro del art\u00edculo N\u00b0 43 de la Ley de Educaci\u00f3n Superior.<\/p>\n<p><a href=\"https:\/\/www.coneau.gob.ar\/coneau\/publicaciones\/estudios-sobre-los-procesos-evaluativos\/\"><strong>Ver publicaciones<\/strong><\/a><\/p>\n\n\n<p><\/p>\n","protected":false},"excerpt":{"rendered":"<p>En el a\u00f1o 2014 se inaugur\u00f3 una nueva colecci\u00f3n bibliogr\u00e1fica, referida al impacto de la acreditaci\u00f3n en la calidad educativa. Con este lanzamiento, se pretende dar a conocer la mejora &hellip; <a href=\"https:\/\/jotape.com.ar\/?page_id=444\" class=\"more-link\">Seguir leyendo <span class=\"screen-reader-text\">Estudios sobre la calidad de las carreras de grado de inter\u00e9s p\u00fablico<\/span> <span class=\"meta-nav\">&rarr;<\/span><\/a><\/p>\n","protected":false},"author":2,"featured_media":1088,"parent":23,"menu_order":1,"comment_status":"open","ping_status":"closed","template":"template-publicaciones.php","meta":{"footnotes":""},"class_list":["post-444","page","type-page","status-publish","has-post-thumbnail","hentry"],"_links":{"self":[{"href":"https:\/\/jotape.com.ar\/index.php?rest_route=\/wp\/v2\/pages\/444","targetHints":{"allow":["GET"]}}],"collection":[{"href":"https:\/\/jotape.com.ar\/index.php?rest_route=\/wp\/v2\/pages"}],"about":[{"href":"https:\/\/jotape.com.ar\/index.php?rest_route=\/wp\/v2\/types\/page"}],"author":[{"embeddable":true,"href":"https:\/\/jotape.com.ar\/index.php?rest_route=\/wp\/v2\/users\/2"}],"replies":[{"embeddable":true,"href":"https:\/\/jotape.com.ar\/index.php?rest_route=%2Fwp%2Fv2%2Fcomments&post=444"}],"version-history":[{"count":11,"href":"https:\/\/jotape.com.ar\/index.php?rest_route=\/wp\/v2\/pages\/444\/revisions"}],"predecessor-version":[{"id":9768,"href":"https:\/\/jotape.com.ar\/index.php?rest_route=\/wp\/v2\/pages\/444\/revisions\/9768"}],"up":[{"embeddable":true,"href":"https:\/\/jotape.com.ar\/index.php?rest_route=\/wp\/v2\/pages\/23"}],"wp:featuredmedia":[{"embeddable":true,"href":"https:\/\/jotape.com.ar\/index.php?rest_route=\/wp\/v2\/media\/1088"}],"wp:attachment":[{"href":"https:\/\/jotape.com.ar\/index.php?rest_route=%2Fwp%2Fv2%2Fmedia&parent=444"}],"curies":[{"name":"wp","href":"https:\/\/api.w.org\/{rel}","templated":true}]}}