{"id":446,"date":"2015-06-26T17:53:15","date_gmt":"2015-06-26T17:53:15","guid":{"rendered":"http:\/\/hakuna.com.ar\/projects\/coneau\/wordpress\/?page_id=446"},"modified":"2021-07-06T11:09:52","modified_gmt":"2021-07-06T14:09:52","slug":"evaluaciones-externas","status":"publish","type":"page","link":"https:\/\/jotape.com.ar\/?page_id=446","title":{"rendered":"Evaluaciones Externas de las instituciones universitarias en Argentina"},"content":{"rendered":"<p style=\"text-align: justify;\">Esta colecci\u00f3n es la primera l\u00ednea editorial del organismo y tiene por objeto difundir y distribuir los informes de evaluaciones externas de las instituciones universitarias que fueron objeto de evaluaci\u00f3n institucional.<\/p>\n<p style=\"text-align: justify;\">Cada volumen de la colecci\u00f3n es objeto de una amplia distribuci\u00f3n de libros a ministros, rectores, legisladores, bibliotecas, entre otros, lo cual refuerza el cumplimiento del art\u00edculo 44 de la Ley de Educaci\u00f3n Superior, que indica el car\u00e1cter p\u00fablico de las recomendaciones surgidas de las evaluaciones externas.<\/p>\n","protected":false},"excerpt":{"rendered":"<p>Esta colecci\u00f3n es la primera l\u00ednea editorial del organismo y tiene por objeto difundir y distribuir los informes de evaluaciones externas de las instituciones universitarias que fueron objeto de evaluaci\u00f3n &hellip; <a href=\"https:\/\/jotape.com.ar\/?page_id=446\" class=\"more-link\">Seguir leyendo <span class=\"screen-reader-text\">Evaluaciones Externas de las instituciones universitarias en Argentina<\/span> <span class=\"meta-nav\">&rarr;<\/span><\/a><\/p>\n","protected":false},"author":2,"featured_media":1078,"parent":23,"menu_order":2,"comment_status":"open","ping_status":"closed","template":"template-publicaciones.php","meta":{"footnotes":""},"class_list":["post-446","page","type-page","status-publish","has-post-thumbnail","hentry"],"_links":{"self":[{"href":"https:\/\/jotape.com.ar\/index.php?rest_route=\/wp\/v2\/pages\/446","targetHints":{"allow":["GET"]}}],"collection":[{"href":"https:\/\/jotape.com.ar\/index.php?rest_route=\/wp\/v2\/pages"}],"about":[{"href":"https:\/\/jotape.com.ar\/index.php?rest_route=\/wp\/v2\/types\/page"}],"author":[{"embeddable":true,"href":"https:\/\/jotape.com.ar\/index.php?rest_route=\/wp\/v2\/users\/2"}],"replies":[{"embeddable":true,"href":"https:\/\/jotape.com.ar\/index.php?rest_route=%2Fwp%2Fv2%2Fcomments&post=446"}],"version-history":[{"count":15,"href":"https:\/\/jotape.com.ar\/index.php?rest_route=\/wp\/v2\/pages\/446\/revisions"}],"predecessor-version":[{"id":7324,"href":"https:\/\/jotape.com.ar\/index.php?rest_route=\/wp\/v2\/pages\/446\/revisions\/7324"}],"up":[{"embeddable":true,"href":"https:\/\/jotape.com.ar\/index.php?rest_route=\/wp\/v2\/pages\/23"}],"wp:featuredmedia":[{"embeddable":true,"href":"https:\/\/jotape.com.ar\/index.php?rest_route=\/wp\/v2\/media\/1078"}],"wp:attachment":[{"href":"https:\/\/jotape.com.ar\/index.php?rest_route=%2Fwp%2Fv2%2Fmedia&parent=446"}],"curies":[{"name":"wp","href":"https:\/\/api.w.org\/{rel}","templated":true}]}}