{"id":9,"date":"2015-05-26T17:18:49","date_gmt":"2015-05-26T17:18:49","guid":{"rendered":"http:\/\/hakuna.com.ar\/projects\/coneau\/wordpress\/?page_id=9"},"modified":"2017-07-19T13:20:05","modified_gmt":"2017-07-19T16:20:05","slug":"evaluacion-institucional","status":"publish","type":"page","link":"https:\/\/jotape.com.ar\/?page_id=9","title":{"rendered":"Evaluaci\u00f3n Institucional"},"content":{"rendered":"<h4><\/h4>\n<h4><strong>\u00bfQu\u00e9 es la Evaluaci\u00f3n Institucional?<\/strong><\/h4>\n<p style=\"text-align: justify;\">La Evaluaci\u00f3n Institucional llevada adelante por la CONEAU se encuentra establecida en la Ley 24.521 y abarca tanto proyectos de creaci\u00f3n de instituciones universitarias privadas, nacionales y provinciales como instituciones universitarias en funcionamiento.<\/p>\n","protected":false},"excerpt":{"rendered":"<p>\u00bfQu\u00e9 es la Evaluaci\u00f3n Institucional? La Evaluaci\u00f3n Institucional llevada adelante por la CONEAU se encuentra establecida en la Ley 24.521 y abarca tanto proyectos de creaci\u00f3n de instituciones universitarias privadas, &hellip; <a href=\"https:\/\/jotape.com.ar\/?page_id=9\" class=\"more-link\">Seguir leyendo <span class=\"screen-reader-text\">Evaluaci\u00f3n Institucional<\/span> <span class=\"meta-nav\">&rarr;<\/span><\/a><\/p>\n","protected":false},"author":2,"featured_media":1089,"parent":0,"menu_order":6,"comment_status":"open","ping_status":"closed","template":"template-evaluacion-institucional.php","meta":{"footnotes":""},"class_list":["post-9","page","type-page","status-publish","has-post-thumbnail","hentry"],"_links":{"self":[{"href":"https:\/\/jotape.com.ar\/index.php?rest_route=\/wp\/v2\/pages\/9","targetHints":{"allow":["GET"]}}],"collection":[{"href":"https:\/\/jotape.com.ar\/index.php?rest_route=\/wp\/v2\/pages"}],"about":[{"href":"https:\/\/jotape.com.ar\/index.php?rest_route=\/wp\/v2\/types\/page"}],"author":[{"embeddable":true,"href":"https:\/\/jotape.com.ar\/index.php?rest_route=\/wp\/v2\/users\/2"}],"replies":[{"embeddable":true,"href":"https:\/\/jotape.com.ar\/index.php?rest_route=%2Fwp%2Fv2%2Fcomments&post=9"}],"version-history":[{"count":5,"href":"https:\/\/jotape.com.ar\/index.php?rest_route=\/wp\/v2\/pages\/9\/revisions"}],"predecessor-version":[{"id":3039,"href":"https:\/\/jotape.com.ar\/index.php?rest_route=\/wp\/v2\/pages\/9\/revisions\/3039"}],"wp:featuredmedia":[{"embeddable":true,"href":"https:\/\/jotape.com.ar\/index.php?rest_route=\/wp\/v2\/media\/1089"}],"wp:attachment":[{"href":"https:\/\/jotape.com.ar\/index.php?rest_route=%2Fwp%2Fv2%2Fmedia&parent=9"}],"curies":[{"name":"wp","href":"https:\/\/api.w.org\/{rel}","templated":true}]}}